{"id":2589,"date":"2023-09-08T14:11:07","date_gmt":"2023-09-08T12:11:07","guid":{"rendered":"https:\/\/emodou.be\/?post_type=product&#038;p=2589"},"modified":"2024-01-11T14:17:21","modified_gmt":"2024-01-11T13:17:21","slug":"coffret-famille-papa-et-bebe-rhino","status":"publish","type":"product","link":"https:\/\/emodou.be\/fr\/produit\/coffret-famille-papa-et-bebe-rhino\/","title":{"rendered":"Coffret Doudous Famille &#8211; Papa et B\u00e9b\u00e9 Rhino"},"content":{"rendered":"<h2>Coffret Famille : s&#8217;identifier et combler le manque, pour plus de confiance et de s\u00e9r\u00e9nit\u00e9<\/h2>\n<p>Le Coffret Famille &#8211; Papa et B\u00e9b\u00e9 Rhino est compos\u00e9 de 2 doudous repr\u00e9sentatifs de votre cercle familial. Accordez les sujets sur demande, selon la composition de votre sch\u00e9ma parental (retrouvez notre coffret pour les <a href=\"https:\/\/emodou.be\/produit\/coffret-famille-doudou\/\">familles avec Papa et Maman<\/a>, mais aussi les <a href=\"https:\/\/emodou.be\/produit\/coffret-famille-deux-papas-et-bebe\/\">familles homoparentales<\/a>). O\u00f9 qu\u2019il soit, l\u2019enfant se sent accompagn\u00e9 et rassur\u00e9 par la pr\u00e9sence de son doudou Papa. Un nouveau concept tr\u00e8s int\u00e9ressant pour faire du doudou un objet symbolique et aider l\u2019enfant dans les s\u00e9parations de la vie quotidienne.<\/p>\n<h3>Comment utiliser le Coffret Famille EMODOU ?<\/h3>\n<ul>\n<li>Con\u00e7u pour rassurer et apaiser votre enfant, m\u00eame lorsque le Papa doit s\u2019absenter.<\/li>\n<li>Le <a href=\"https:\/\/emodou.be\/fr\/produit\/doudou-famille-miroir\/\">doudou B\u00e9b\u00e9 Rhino<\/a> peut se glisser tendrement dans la poche kangourou du doudou Papa, r\u00e9f\u00e9rence apaisante et utile pour les enfants qui ont besoin de se sentir en s\u00e9curit\u00e9 et prot\u00e9g\u00e9s.<\/li>\n<li>Un outil p\u00e9dagogique qui permet \u00e0 votre enfant de jouer sereinement et \u00e0 ses parents de partir l\u2019esprit tranquille.<\/li>\n<\/ul>\n<p><strong><em>Pour compl\u00e9ter cet outil\u00a0:<\/em><\/strong> un petit fr\u00e8re\u00a0? une petite s\u0153ur\u00a0? n\u2019h\u00e9sitez pas \u00e0 compl\u00e9ter votre Coffret Famille avec le <a href=\"https:\/\/emodou.be\/fr\/produit\/doudou-famille-miroir\/\"><em>doudou B\u00e9b\u00e9 Rhino Blanc<\/em><\/a>.<\/p>\n<h4>Caract\u00e9ristiques des doudous :<\/h4>\n<ul>\n<li>Mati\u00e8re\u00a0: 100% tissu Minky<\/li>\n<li>Certification Oeko Tex Standard 100<\/li>\n<li>Conseil d\u2019entretien : lavable en machine 30\u00b0<\/li>\n<li>Dimensions du <a href=\"https:\/\/emodou.be\/fr\/produit\/doudou-famille-miroir\/\">doudou B\u00e9b\u00e9 Rhino<\/a> : 22 x 27 x 9 cm \/ Dimensions du <a href=\"https:\/\/emodou.be\/fr\/produit\/doudou-famille-papa\/\">doudou Papa<\/a>\u00a0: 27 x 30 x 15 cm<\/li>\n<li>Age conseill\u00e9 : d\u00e8s la naissance<\/li>\n<\/ul>\n<h2>Conclusion<\/h2>\n<p>Pour l&#8217;enfant, cette projection symbolique de la famille est tr\u00e8s r\u00e9elle. C&#8217;est SA famille, lui et son Papa. Gr\u00e2ce \u00e0 ce coffret famille, il n&#8217;est jamais seul, m\u00eame lorsque son papa est absent. Cet outil p\u00e9dagogique permet \u00e0 l&#8217;enfant de jouer sereinement et \u00e0 ses parents de partir l&#8217;esprit tranquille.<\/p>\n","protected":false},"excerpt":{"rendered":"<p>Le Coffret Famille &#8211; Papa et B\u00e9b\u00e9 Rhino, est un cadeau id\u00e9al pour votre b\u00e9b\u00e9. Il comprend des doudous qui repr\u00e9sentent sa famille, lui et son Papa. <strong>Votre enfant peut s&#8217;identifier au doudou b\u00e9b\u00e9<\/strong>. Avec celui-ci, m\u00eame quand le Papa est absent, votre enfant ne se sentira jamais seul. Le coffret famille le rassure en lui offrant la pr\u00e9sence de son Papa \u00e0 tout moment.<\/p>\n<p>&nbsp;<\/p>\n","protected":false},"featured_media":3558,"template":"","meta":[],"product_cat":[38],"product_tag":[59],"class_list":{"0":"post-2589","1":"product","2":"type-product","3":"status-publish","4":"has-post-thumbnail","6":"product_cat-nos-coffrets","7":"product_tag-famille","9":"first","10":"instock","11":"shipping-taxable","12":"purchasable","13":"product-type-simple"},"yoast_head":"<!-- This site is optimized with the Yoast SEO plugin v22.6 - https:\/\/yoast.com\/wordpress\/plugins\/seo\/ -->\n<title>Coffret famille Papa et B\u00e9b\u00e9 - Combler le manque de vos absences<\/title>\n<meta name=\"description\" content=\"Le Coffret Famille - Papa et B\u00e9b\u00e9 Rhino. O\u00f9 qu&#039;il soit, l&#039;enfant se sent accompagn\u00e9 et rassur\u00e9 par la pr\u00e9sence de son doudou Papa.\" \/>\n<meta name=\"robots\" content=\"index, follow, max-snippet:-1, max-image-preview:large, max-video-preview:-1\" \/>\n<link rel=\"canonical\" href=\"https:\/\/emodou.be\/fr\/produit\/coffret-famille-papa-et-bebe-rhino\/\" \/>\n<meta property=\"og:locale\" content=\"fr_FR\" \/>\n<meta property=\"og:type\" content=\"article\" \/>\n<meta property=\"og:title\" content=\"Coffret famille Papa et B\u00e9b\u00e9 - Combler le manque de vos absences\" \/>\n<meta property=\"og:description\" content=\"Le Coffret Famille - Papa et B\u00e9b\u00e9 Rhino. O\u00f9 qu&#039;il soit, l&#039;enfant se sent accompagn\u00e9 et rassur\u00e9 par la pr\u00e9sence de son doudou Papa.\" \/>\n<meta property=\"og:url\" content=\"https:\/\/emodou.be\/fr\/produit\/coffret-famille-papa-et-bebe-rhino\/\" \/>\n<meta property=\"og:site_name\" content=\"Emodou\" \/>\n<meta property=\"article:modified_time\" content=\"2024-01-11T13:17:21+00:00\" \/>\n<meta property=\"og:image\" content=\"https:\/\/emodou.be\/wp-content\/uploads\/2023\/09\/coffret-famille-2-papas-milo-0m-4-1.jpg\" \/>\n\t<meta property=\"og:image:width\" content=\"800\" \/>\n\t<meta property=\"og:image:height\" content=\"800\" \/>\n\t<meta property=\"og:image:type\" content=\"image\/jpeg\" \/>\n<meta name=\"twitter:card\" content=\"summary_large_image\" \/>\n<meta name=\"twitter:label1\" content=\"Dur\u00e9e de lecture est.\" \/>\n\t<meta name=\"twitter:data1\" content=\"2 minutes\" \/>\n<script type=\"application\/ld+json\" class=\"yoast-schema-graph\">{\"@context\":\"https:\/\/schema.org\",\"@graph\":[{\"@type\":\"WebPage\",\"@id\":\"https:\/\/emodou.be\/fr\/produit\/coffret-famille-papa-et-bebe-rhino\/\",\"url\":\"https:\/\/emodou.be\/fr\/produit\/coffret-famille-papa-et-bebe-rhino\/\",\"name\":\"Coffret famille Papa et B\u00e9b\u00e9 - Combler le manque de vos absences\",\"isPartOf\":{\"@id\":\"https:\/\/emodou.be\/fr\/#website\"},\"primaryImageOfPage\":{\"@id\":\"https:\/\/emodou.be\/fr\/produit\/coffret-famille-papa-et-bebe-rhino\/#primaryimage\"},\"image\":{\"@id\":\"https:\/\/emodou.be\/fr\/produit\/coffret-famille-papa-et-bebe-rhino\/#primaryimage\"},\"thumbnailUrl\":\"https:\/\/emodou.be\/wp-content\/uploads\/2023\/09\/coffret-famille-2-papas-milo-0m-4-1.jpg\",\"datePublished\":\"2023-09-08T12:11:07+00:00\",\"dateModified\":\"2024-01-11T13:17:21+00:00\",\"description\":\"Le Coffret Famille - Papa et B\u00e9b\u00e9 Rhino. O\u00f9 qu'il soit, l'enfant se sent accompagn\u00e9 et rassur\u00e9 par la pr\u00e9sence de son doudou Papa.\",\"breadcrumb\":{\"@id\":\"https:\/\/emodou.be\/fr\/produit\/coffret-famille-papa-et-bebe-rhino\/#breadcrumb\"},\"inLanguage\":\"fr-BE\",\"potentialAction\":[{\"@type\":\"ReadAction\",\"target\":[\"https:\/\/emodou.be\/fr\/produit\/coffret-famille-papa-et-bebe-rhino\/\"]}]},{\"@type\":\"ImageObject\",\"inLanguage\":\"fr-BE\",\"@id\":\"https:\/\/emodou.be\/fr\/produit\/coffret-famille-papa-et-bebe-rhino\/#primaryimage\",\"url\":\"https:\/\/emodou.be\/wp-content\/uploads\/2023\/09\/coffret-famille-2-papas-milo-0m-4-1.jpg\",\"contentUrl\":\"https:\/\/emodou.be\/wp-content\/uploads\/2023\/09\/coffret-famille-2-papas-milo-0m-4-1.jpg\",\"width\":800,\"height\":800,\"caption\":\"Coffret Doudou Famille Papa et B\u00e9b\u00e9 Rhino\"},{\"@type\":\"BreadcrumbList\",\"@id\":\"https:\/\/emodou.be\/fr\/produit\/coffret-famille-papa-et-bebe-rhino\/#breadcrumb\",\"itemListElement\":[{\"@type\":\"ListItem\",\"position\":1,\"name\":\"Accueil\",\"item\":\"https:\/\/emodou.be\/fr\/\"},{\"@type\":\"ListItem\",\"position\":2,\"name\":\"Notre collection\",\"item\":\"https:\/\/emodou.be\/fr\/notre-collection\/\"},{\"@type\":\"ListItem\",\"position\":3,\"name\":\"Coffret Doudous Famille &#8211; Papa et B\u00e9b\u00e9 Rhino\"}]},{\"@type\":\"WebSite\",\"@id\":\"https:\/\/emodou.be\/fr\/#website\",\"url\":\"https:\/\/emodou.be\/fr\/\",\"name\":\"Emodou\",\"description\":\"Livres &amp; Doudous p\u00e9dagogiques\",\"publisher\":{\"@id\":\"https:\/\/emodou.be\/fr\/#organization\"},\"potentialAction\":[{\"@type\":\"SearchAction\",\"target\":{\"@type\":\"EntryPoint\",\"urlTemplate\":\"https:\/\/emodou.be\/fr\/?s={search_term_string}\"},\"query-input\":\"required name=search_term_string\"}],\"inLanguage\":\"fr-BE\"},{\"@type\":\"Organization\",\"@id\":\"https:\/\/emodou.be\/fr\/#organization\",\"name\":\"Emodou\",\"url\":\"https:\/\/emodou.be\/fr\/\",\"logo\":{\"@type\":\"ImageObject\",\"inLanguage\":\"fr-BE\",\"@id\":\"https:\/\/emodou.be\/fr\/#\/schema\/logo\/image\/\",\"url\":\"https:\/\/emodou.be\/wp-content\/uploads\/2022\/12\/Emodou-livres-doudous.svg\",\"contentUrl\":\"https:\/\/emodou.be\/wp-content\/uploads\/2022\/12\/Emodou-livres-doudous.svg\",\"width\":700,\"height\":276,\"caption\":\"Emodou\"},\"image\":{\"@id\":\"https:\/\/emodou.be\/fr\/#\/schema\/logo\/image\/\"}}]}<\/script>\n<!-- \/ Yoast SEO plugin. -->","yoast_head_json":{"title":"Coffret famille Papa et B\u00e9b\u00e9 - Combler le manque de vos absences","description":"Le Coffret Famille - Papa et B\u00e9b\u00e9 Rhino. O\u00f9 qu'il soit, l'enfant se sent accompagn\u00e9 et rassur\u00e9 par la pr\u00e9sence de son doudou Papa.","robots":{"index":"index","follow":"follow","max-snippet":"max-snippet:-1","max-image-preview":"max-image-preview:large","max-video-preview":"max-video-preview:-1"},"canonical":"https:\/\/emodou.be\/fr\/produit\/coffret-famille-papa-et-bebe-rhino\/","og_locale":"fr_FR","og_type":"article","og_title":"Coffret famille Papa et B\u00e9b\u00e9 - Combler le manque de vos absences","og_description":"Le Coffret Famille - Papa et B\u00e9b\u00e9 Rhino. O\u00f9 qu'il soit, l'enfant se sent accompagn\u00e9 et rassur\u00e9 par la pr\u00e9sence de son doudou Papa.","og_url":"https:\/\/emodou.be\/fr\/produit\/coffret-famille-papa-et-bebe-rhino\/","og_site_name":"Emodou","article_modified_time":"2024-01-11T13:17:21+00:00","og_image":[{"width":800,"height":800,"url":"https:\/\/emodou.be\/wp-content\/uploads\/2023\/09\/coffret-famille-2-papas-milo-0m-4-1.jpg","type":"image\/jpeg"}],"twitter_card":"summary_large_image","twitter_misc":{"Dur\u00e9e de lecture est.":"2 minutes"},"schema":{"@context":"https:\/\/schema.org","@graph":[{"@type":"WebPage","@id":"https:\/\/emodou.be\/fr\/produit\/coffret-famille-papa-et-bebe-rhino\/","url":"https:\/\/emodou.be\/fr\/produit\/coffret-famille-papa-et-bebe-rhino\/","name":"Coffret famille Papa et B\u00e9b\u00e9 - Combler le manque de vos absences","isPartOf":{"@id":"https:\/\/emodou.be\/fr\/#website"},"primaryImageOfPage":{"@id":"https:\/\/emodou.be\/fr\/produit\/coffret-famille-papa-et-bebe-rhino\/#primaryimage"},"image":{"@id":"https:\/\/emodou.be\/fr\/produit\/coffret-famille-papa-et-bebe-rhino\/#primaryimage"},"thumbnailUrl":"https:\/\/emodou.be\/wp-content\/uploads\/2023\/09\/coffret-famille-2-papas-milo-0m-4-1.jpg","datePublished":"2023-09-08T12:11:07+00:00","dateModified":"2024-01-11T13:17:21+00:00","description":"Le Coffret Famille - Papa et B\u00e9b\u00e9 Rhino. O\u00f9 qu'il soit, l'enfant se sent accompagn\u00e9 et rassur\u00e9 par la pr\u00e9sence de son doudou Papa.","breadcrumb":{"@id":"https:\/\/emodou.be\/fr\/produit\/coffret-famille-papa-et-bebe-rhino\/#breadcrumb"},"inLanguage":"fr-BE","potentialAction":[{"@type":"ReadAction","target":["https:\/\/emodou.be\/fr\/produit\/coffret-famille-papa-et-bebe-rhino\/"]}]},{"@type":"ImageObject","inLanguage":"fr-BE","@id":"https:\/\/emodou.be\/fr\/produit\/coffret-famille-papa-et-bebe-rhino\/#primaryimage","url":"https:\/\/emodou.be\/wp-content\/uploads\/2023\/09\/coffret-famille-2-papas-milo-0m-4-1.jpg","contentUrl":"https:\/\/emodou.be\/wp-content\/uploads\/2023\/09\/coffret-famille-2-papas-milo-0m-4-1.jpg","width":800,"height":800,"caption":"Coffret Doudou Famille Papa et B\u00e9b\u00e9 Rhino"},{"@type":"BreadcrumbList","@id":"https:\/\/emodou.be\/fr\/produit\/coffret-famille-papa-et-bebe-rhino\/#breadcrumb","itemListElement":[{"@type":"ListItem","position":1,"name":"Accueil","item":"https:\/\/emodou.be\/fr\/"},{"@type":"ListItem","position":2,"name":"Notre collection","item":"https:\/\/emodou.be\/fr\/notre-collection\/"},{"@type":"ListItem","position":3,"name":"Coffret Doudous Famille &#8211; Papa et B\u00e9b\u00e9 Rhino"}]},{"@type":"WebSite","@id":"https:\/\/emodou.be\/fr\/#website","url":"https:\/\/emodou.be\/fr\/","name":"Emodou","description":"Livres &amp; Doudous p\u00e9dagogiques","publisher":{"@id":"https:\/\/emodou.be\/fr\/#organization"},"potentialAction":[{"@type":"SearchAction","target":{"@type":"EntryPoint","urlTemplate":"https:\/\/emodou.be\/fr\/?s={search_term_string}"},"query-input":"required name=search_term_string"}],"inLanguage":"fr-BE"},{"@type":"Organization","@id":"https:\/\/emodou.be\/fr\/#organization","name":"Emodou","url":"https:\/\/emodou.be\/fr\/","logo":{"@type":"ImageObject","inLanguage":"fr-BE","@id":"https:\/\/emodou.be\/fr\/#\/schema\/logo\/image\/","url":"https:\/\/emodou.be\/wp-content\/uploads\/2022\/12\/Emodou-livres-doudous.svg","contentUrl":"https:\/\/emodou.be\/wp-content\/uploads\/2022\/12\/Emodou-livres-doudous.svg","width":700,"height":276,"caption":"Emodou"},"image":{"@id":"https:\/\/emodou.be\/fr\/#\/schema\/logo\/image\/"}}]}},"_links":{"self":[{"href":"https:\/\/emodou.be\/fr\/wp-json\/wp\/v2\/product\/2589","targetHints":{"allow":["GET"]}}],"collection":[{"href":"https:\/\/emodou.be\/fr\/wp-json\/wp\/v2\/product"}],"about":[{"href":"https:\/\/emodou.be\/fr\/wp-json\/wp\/v2\/types\/product"}],"wp:featuredmedia":[{"embeddable":true,"href":"https:\/\/emodou.be\/fr\/wp-json\/wp\/v2\/media\/3558"}],"wp:attachment":[{"href":"https:\/\/emodou.be\/fr\/wp-json\/wp\/v2\/media?parent=2589"}],"wp:term":[{"taxonomy":"product_cat","embeddable":true,"href":"https:\/\/emodou.be\/fr\/wp-json\/wp\/v2\/product_cat?post=2589"},{"taxonomy":"product_tag","embeddable":true,"href":"https:\/\/emodou.be\/fr\/wp-json\/wp\/v2\/product_tag?post=2589"}],"curies":[{"name":"wp","href":"https:\/\/api.w.org\/{rel}","templated":true}]}}