{"id":140,"date":"2022-12-18T16:17:01","date_gmt":"2022-12-18T15:17:01","guid":{"rendered":"http:\/\/emodou.be\/?post_type=product&#038;p=140"},"modified":"2024-01-11T11:07:25","modified_gmt":"2024-01-11T10:07:25","slug":"doudou-tristesse-rhino","status":"publish","type":"product","link":"https:\/\/emodou.be\/fr\/produit\/doudou-tristesse-rhino\/","title":{"rendered":"Doudou Tristesse Rhino"},"content":{"rendered":"<h2>Doudou Tristesse : outil innovant pour aider vos enfants \u00e0 g\u00e9rer et apprendre le sens de l&#8217;\u00e9motion &#8220;Tristesse&#8221;<\/h2>\n<p>Le <em>doudou Tristesse Rhino<\/em>\u00a0est un doudou permettant \u00e0 votre enfant de mieux comprendre et exprimer sa tristesse, tout en renfor\u00e7ant son bien-\u00eatre \u00e9motionnel.<\/p>\n<h3>Caract\u00e9ristiques du doudou tristesse :<\/h3>\n<ul>\n<li>Mati\u00e8re\u00a0: 100% tissu Minky<\/li>\n<li>Certification Oeko Tex Standard 100<\/li>\n<li>Conseil d\u2019entretien\u00a0: lavable en machine 30\u00b0<\/li>\n<li>Dimensions\u00a0: 22 cm x 27 cm x 9 cm<\/li>\n<li>Age conseill\u00e9\u00a0: d\u00e8s la naissance<\/li>\n<\/ul>\n<h3>Pour compl\u00e9ter cet outil :<\/h3>\n<p>Retrouvez nos doudous <a href=\"https:\/\/emodou.be\/fr\/produit\/doudou-peur\/\">peur<\/a>, <a href=\"https:\/\/emodou.be\/fr\/produit\/doudou-joie\/\">joie<\/a> et <a href=\"https:\/\/emodou.be\/fr\/produit\/doudou-colere\/\">col\u00e8re<\/a> vendus \u00e0 l\u2019unit\u00e9. Nous vous proposons \u00e9galement le livre \u00ab <a href=\"https:\/\/emodou.be\/fr\/produit\/livre-vivre-mes-emotions-avec-milo\/\">Vivre mes \u00c9motions avec Milo<\/a> \u00bb qui abordera l\u2019ensemble de ces \u00e9motions. Enfin, le <a href=\"https:\/\/emodou.be\/fr\/produit\/coffret-emotions-4-doudous-et-un-livre\/\"><em>Coffret Emotions<\/em><\/a> regroupant les 4 doudous \u00e9motions (joie, peur, col\u00e8re et tristesse) et le livre (&#8220;Vivre mes \u00c9motions avec Milo&#8221;) est \u00e9galement disponible.<\/p>\n<h2>Conclusion<\/h2>\n<p>Le <em>Doudou Tristesse Rhino<\/em> est un outil p\u00e9dagogique permettant \u00e0 votre enfant d&#8217;apprendre les \u00e9motions et de pouvoir les g\u00e9rer. Ce doudou peut \u00eatre utilis\u00e9 comme un outil de communication pour que votre enfant exprime sa tristesse. Il permet aux enfants d&#8217;exprimer leur tristesse de mani\u00e8re ludique.<\/p>\n","protected":false},"excerpt":{"rendered":"<p class=\"Paragraphestandard\">Le Doudou Tristesse Rhino est un doudou innovant con\u00e7u pour <strong>aider les enfants \u00e0 mieux comprendre et \u00e0 g\u00e9rer leur tristesse<\/strong>. Outil pr\u00e9cieux pour les parents et les enseignants, le Doudou Tristesse est un outil \u00e9ducatif et b\u00e9n\u00e9fique pour les enfants de tous \u00e2ges.<\/p>\n","protected":false},"featured_media":3395,"template":"","meta":[],"product_cat":[20],"product_tag":[60],"class_list":{"0":"post-140","1":"product","2":"type-product","3":"status-publish","4":"has-post-thumbnail","6":"product_cat-doudou","7":"product_tag-emotions","9":"first","10":"instock","11":"shipping-taxable","12":"purchasable","13":"product-type-simple"},"yoast_head":"<!-- This site is optimized with the Yoast SEO plugin v22.6 - https:\/\/yoast.com\/wordpress\/plugins\/seo\/ -->\n<title>Doudou Tristesse Rhino - G\u00e9rer et apprendre l&#039;\u00e9motion &quot;Tristesse&quot;<\/title>\n<meta name=\"description\" content=\"Le Doudou Tristesse Rhino est un doudou permettant \u00e0 votre enfant de mieux comprendre et exprimer sa tristesse, tout en renfor\u00e7ant son bien-\u00eatre \u00e9motionnel.\" \/>\n<meta name=\"robots\" content=\"index, follow, max-snippet:-1, max-image-preview:large, max-video-preview:-1\" \/>\n<link rel=\"canonical\" href=\"https:\/\/emodou.be\/fr\/produit\/doudou-tristesse-rhino\/\" \/>\n<meta property=\"og:locale\" content=\"fr_FR\" \/>\n<meta property=\"og:type\" content=\"article\" \/>\n<meta property=\"og:title\" content=\"Doudou Tristesse Rhino - G\u00e9rer et apprendre l&#039;\u00e9motion &quot;Tristesse&quot;\" \/>\n<meta property=\"og:description\" content=\"Le Doudou Tristesse Rhino est un doudou permettant \u00e0 votre enfant de mieux comprendre et exprimer sa tristesse, tout en renfor\u00e7ant son bien-\u00eatre \u00e9motionnel.\" \/>\n<meta property=\"og:url\" content=\"https:\/\/emodou.be\/fr\/produit\/doudou-tristesse-rhino\/\" \/>\n<meta property=\"og:site_name\" content=\"Emodou\" \/>\n<meta property=\"article:modified_time\" content=\"2024-01-11T10:07:25+00:00\" \/>\n<meta property=\"og:image\" content=\"https:\/\/emodou.be\/wp-content\/uploads\/2022\/12\/doudou-tristesse-bleu-0m-min.jpg\" \/>\n\t<meta property=\"og:image:width\" content=\"800\" \/>\n\t<meta property=\"og:image:height\" content=\"800\" \/>\n\t<meta property=\"og:image:type\" content=\"image\/jpeg\" \/>\n<meta name=\"twitter:card\" content=\"summary_large_image\" \/>\n<meta name=\"twitter:label1\" content=\"Dur\u00e9e de lecture est.\" \/>\n\t<meta name=\"twitter:data1\" content=\"2 minutes\" \/>\n<script type=\"application\/ld+json\" class=\"yoast-schema-graph\">{\"@context\":\"https:\/\/schema.org\",\"@graph\":[{\"@type\":\"WebPage\",\"@id\":\"https:\/\/emodou.be\/fr\/produit\/doudou-tristesse-rhino\/\",\"url\":\"https:\/\/emodou.be\/fr\/produit\/doudou-tristesse-rhino\/\",\"name\":\"Doudou Tristesse Rhino - G\u00e9rer et apprendre l'\u00e9motion \\\"Tristesse\\\"\",\"isPartOf\":{\"@id\":\"https:\/\/emodou.be\/fr\/#website\"},\"primaryImageOfPage\":{\"@id\":\"https:\/\/emodou.be\/fr\/produit\/doudou-tristesse-rhino\/#primaryimage\"},\"image\":{\"@id\":\"https:\/\/emodou.be\/fr\/produit\/doudou-tristesse-rhino\/#primaryimage\"},\"thumbnailUrl\":\"https:\/\/emodou.be\/wp-content\/uploads\/2022\/12\/doudou-tristesse-bleu-0m-min.jpg\",\"datePublished\":\"2022-12-18T15:17:01+00:00\",\"dateModified\":\"2024-01-11T10:07:25+00:00\",\"description\":\"Le Doudou Tristesse Rhino est un doudou permettant \u00e0 votre enfant de mieux comprendre et exprimer sa tristesse, tout en renfor\u00e7ant son bien-\u00eatre \u00e9motionnel.\",\"breadcrumb\":{\"@id\":\"https:\/\/emodou.be\/fr\/produit\/doudou-tristesse-rhino\/#breadcrumb\"},\"inLanguage\":\"fr-BE\",\"potentialAction\":[{\"@type\":\"ReadAction\",\"target\":[\"https:\/\/emodou.be\/fr\/produit\/doudou-tristesse-rhino\/\"]}]},{\"@type\":\"ImageObject\",\"inLanguage\":\"fr-BE\",\"@id\":\"https:\/\/emodou.be\/fr\/produit\/doudou-tristesse-rhino\/#primaryimage\",\"url\":\"https:\/\/emodou.be\/wp-content\/uploads\/2022\/12\/doudou-tristesse-bleu-0m-min.jpg\",\"contentUrl\":\"https:\/\/emodou.be\/wp-content\/uploads\/2022\/12\/doudou-tristesse-bleu-0m-min.jpg\",\"width\":800,\"height\":800,\"caption\":\"Doudou Tristesse Rhinoc\u00e9ros EMODOU\"},{\"@type\":\"BreadcrumbList\",\"@id\":\"https:\/\/emodou.be\/fr\/produit\/doudou-tristesse-rhino\/#breadcrumb\",\"itemListElement\":[{\"@type\":\"ListItem\",\"position\":1,\"name\":\"Accueil\",\"item\":\"https:\/\/emodou.be\/fr\/\"},{\"@type\":\"ListItem\",\"position\":2,\"name\":\"Notre collection\",\"item\":\"https:\/\/emodou.be\/fr\/notre-collection\/\"},{\"@type\":\"ListItem\",\"position\":3,\"name\":\"Doudou Tristesse Rhino\"}]},{\"@type\":\"WebSite\",\"@id\":\"https:\/\/emodou.be\/fr\/#website\",\"url\":\"https:\/\/emodou.be\/fr\/\",\"name\":\"Emodou\",\"description\":\"Livres &amp; Doudous p\u00e9dagogiques\",\"publisher\":{\"@id\":\"https:\/\/emodou.be\/fr\/#organization\"},\"potentialAction\":[{\"@type\":\"SearchAction\",\"target\":{\"@type\":\"EntryPoint\",\"urlTemplate\":\"https:\/\/emodou.be\/fr\/?s={search_term_string}\"},\"query-input\":\"required name=search_term_string\"}],\"inLanguage\":\"fr-BE\"},{\"@type\":\"Organization\",\"@id\":\"https:\/\/emodou.be\/fr\/#organization\",\"name\":\"Emodou\",\"url\":\"https:\/\/emodou.be\/fr\/\",\"logo\":{\"@type\":\"ImageObject\",\"inLanguage\":\"fr-BE\",\"@id\":\"https:\/\/emodou.be\/fr\/#\/schema\/logo\/image\/\",\"url\":\"https:\/\/emodou.be\/wp-content\/uploads\/2022\/12\/Emodou-livres-doudous.svg\",\"contentUrl\":\"https:\/\/emodou.be\/wp-content\/uploads\/2022\/12\/Emodou-livres-doudous.svg\",\"width\":700,\"height\":276,\"caption\":\"Emodou\"},\"image\":{\"@id\":\"https:\/\/emodou.be\/fr\/#\/schema\/logo\/image\/\"}}]}<\/script>\n<!-- \/ Yoast SEO plugin. -->","yoast_head_json":{"title":"Doudou Tristesse Rhino - G\u00e9rer et apprendre l'\u00e9motion \"Tristesse\"","description":"Le Doudou Tristesse Rhino est un doudou permettant \u00e0 votre enfant de mieux comprendre et exprimer sa tristesse, tout en renfor\u00e7ant son bien-\u00eatre \u00e9motionnel.","robots":{"index":"index","follow":"follow","max-snippet":"max-snippet:-1","max-image-preview":"max-image-preview:large","max-video-preview":"max-video-preview:-1"},"canonical":"https:\/\/emodou.be\/fr\/produit\/doudou-tristesse-rhino\/","og_locale":"fr_FR","og_type":"article","og_title":"Doudou Tristesse Rhino - G\u00e9rer et apprendre l'\u00e9motion \"Tristesse\"","og_description":"Le Doudou Tristesse Rhino est un doudou permettant \u00e0 votre enfant de mieux comprendre et exprimer sa tristesse, tout en renfor\u00e7ant son bien-\u00eatre \u00e9motionnel.","og_url":"https:\/\/emodou.be\/fr\/produit\/doudou-tristesse-rhino\/","og_site_name":"Emodou","article_modified_time":"2024-01-11T10:07:25+00:00","og_image":[{"width":800,"height":800,"url":"https:\/\/emodou.be\/wp-content\/uploads\/2022\/12\/doudou-tristesse-bleu-0m-min.jpg","type":"image\/jpeg"}],"twitter_card":"summary_large_image","twitter_misc":{"Dur\u00e9e de lecture est.":"2 minutes"},"schema":{"@context":"https:\/\/schema.org","@graph":[{"@type":"WebPage","@id":"https:\/\/emodou.be\/fr\/produit\/doudou-tristesse-rhino\/","url":"https:\/\/emodou.be\/fr\/produit\/doudou-tristesse-rhino\/","name":"Doudou Tristesse Rhino - G\u00e9rer et apprendre l'\u00e9motion \"Tristesse\"","isPartOf":{"@id":"https:\/\/emodou.be\/fr\/#website"},"primaryImageOfPage":{"@id":"https:\/\/emodou.be\/fr\/produit\/doudou-tristesse-rhino\/#primaryimage"},"image":{"@id":"https:\/\/emodou.be\/fr\/produit\/doudou-tristesse-rhino\/#primaryimage"},"thumbnailUrl":"https:\/\/emodou.be\/wp-content\/uploads\/2022\/12\/doudou-tristesse-bleu-0m-min.jpg","datePublished":"2022-12-18T15:17:01+00:00","dateModified":"2024-01-11T10:07:25+00:00","description":"Le Doudou Tristesse Rhino est un doudou permettant \u00e0 votre enfant de mieux comprendre et exprimer sa tristesse, tout en renfor\u00e7ant son bien-\u00eatre \u00e9motionnel.","breadcrumb":{"@id":"https:\/\/emodou.be\/fr\/produit\/doudou-tristesse-rhino\/#breadcrumb"},"inLanguage":"fr-BE","potentialAction":[{"@type":"ReadAction","target":["https:\/\/emodou.be\/fr\/produit\/doudou-tristesse-rhino\/"]}]},{"@type":"ImageObject","inLanguage":"fr-BE","@id":"https:\/\/emodou.be\/fr\/produit\/doudou-tristesse-rhino\/#primaryimage","url":"https:\/\/emodou.be\/wp-content\/uploads\/2022\/12\/doudou-tristesse-bleu-0m-min.jpg","contentUrl":"https:\/\/emodou.be\/wp-content\/uploads\/2022\/12\/doudou-tristesse-bleu-0m-min.jpg","width":800,"height":800,"caption":"Doudou Tristesse Rhinoc\u00e9ros EMODOU"},{"@type":"BreadcrumbList","@id":"https:\/\/emodou.be\/fr\/produit\/doudou-tristesse-rhino\/#breadcrumb","itemListElement":[{"@type":"ListItem","position":1,"name":"Accueil","item":"https:\/\/emodou.be\/fr\/"},{"@type":"ListItem","position":2,"name":"Notre collection","item":"https:\/\/emodou.be\/fr\/notre-collection\/"},{"@type":"ListItem","position":3,"name":"Doudou Tristesse Rhino"}]},{"@type":"WebSite","@id":"https:\/\/emodou.be\/fr\/#website","url":"https:\/\/emodou.be\/fr\/","name":"Emodou","description":"Livres &amp; Doudous p\u00e9dagogiques","publisher":{"@id":"https:\/\/emodou.be\/fr\/#organization"},"potentialAction":[{"@type":"SearchAction","target":{"@type":"EntryPoint","urlTemplate":"https:\/\/emodou.be\/fr\/?s={search_term_string}"},"query-input":"required name=search_term_string"}],"inLanguage":"fr-BE"},{"@type":"Organization","@id":"https:\/\/emodou.be\/fr\/#organization","name":"Emodou","url":"https:\/\/emodou.be\/fr\/","logo":{"@type":"ImageObject","inLanguage":"fr-BE","@id":"https:\/\/emodou.be\/fr\/#\/schema\/logo\/image\/","url":"https:\/\/emodou.be\/wp-content\/uploads\/2022\/12\/Emodou-livres-doudous.svg","contentUrl":"https:\/\/emodou.be\/wp-content\/uploads\/2022\/12\/Emodou-livres-doudous.svg","width":700,"height":276,"caption":"Emodou"},"image":{"@id":"https:\/\/emodou.be\/fr\/#\/schema\/logo\/image\/"}}]}},"_links":{"self":[{"href":"https:\/\/emodou.be\/fr\/wp-json\/wp\/v2\/product\/140","targetHints":{"allow":["GET"]}}],"collection":[{"href":"https:\/\/emodou.be\/fr\/wp-json\/wp\/v2\/product"}],"about":[{"href":"https:\/\/emodou.be\/fr\/wp-json\/wp\/v2\/types\/product"}],"wp:featuredmedia":[{"embeddable":true,"href":"https:\/\/emodou.be\/fr\/wp-json\/wp\/v2\/media\/3395"}],"wp:attachment":[{"href":"https:\/\/emodou.be\/fr\/wp-json\/wp\/v2\/media?parent=140"}],"wp:term":[{"taxonomy":"product_cat","embeddable":true,"href":"https:\/\/emodou.be\/fr\/wp-json\/wp\/v2\/product_cat?post=140"},{"taxonomy":"product_tag","embeddable":true,"href":"https:\/\/emodou.be\/fr\/wp-json\/wp\/v2\/product_tag?post=140"}],"curies":[{"name":"wp","href":"https:\/\/api.w.org\/{rel}","templated":true}]}}