{"id":136,"date":"2022-12-19T16:17:01","date_gmt":"2022-12-19T15:17:01","guid":{"rendered":"http:\/\/emodou.be\/?post_type=product&#038;p=136"},"modified":"2024-01-11T13:57:07","modified_gmt":"2024-01-11T12:57:07","slug":"coffret-emotions-4-doudous-et-un-livre","status":"publish","type":"product","link":"https:\/\/emodou.be\/fr\/produit\/coffret-emotions-4-doudous-et-un-livre\/","title":{"rendered":"Coffret Doudous \u00c9motions"},"content":{"rendered":"<h2>Coffret Doudous \u00c9motions: aidez votre enfant \u00e0 comprendre et g\u00e9rer ses \u00e9motions<\/h2>\n<p>Le Coffret \u00c9motions est un v\u00e9ritable outil p\u00e9dagogique pour aider \u00e0 comprendre et traverser les \u00e9motions (repr\u00e9sent\u00e9es par les 4 doudous rhinoc\u00e9ros : <a href=\"https:\/\/emodou.be\/fr\/produit\/doudou-joie\/\">joie<\/a>, <a href=\"https:\/\/emodou.be\/fr\/produit\/doudou-colere\/\">col\u00e8re<\/a>, <a href=\"https:\/\/emodou.be\/fr\/produit\/doudou-tristesse\/\">tristesse<\/a> et <a href=\"https:\/\/emodou.be\/fr\/produit\/doudou-peur\/\">peur<\/a>) que votre enfant rencontre au quotidien. Les enfants s&#8217;y projettent rapidement et utilisent les doudous comme vecteurs de leur ressenti du moment.<\/p>\n<h3>Comment utiliser le Coffret \u00c9motions EMODOU ?<\/h3>\n<ul>\n<li>D\u00e9couvrez avec votre enfant les 4 doudous \u00e9motions (<a href=\"https:\/\/emodou.be\/fr\/produit\/doudou-joie\/\">joie<\/a>, <a href=\"https:\/\/emodou.be\/fr\/produit\/doudou-colere\/\">col\u00e8re<\/a>, <a href=\"https:\/\/emodou.be\/fr\/produit\/doudou-tristesse\/\">tristesse<\/a>, <a href=\"https:\/\/emodou.be\/fr\/produit\/doudou-peur\/\">peur<\/a>) tout en apprenant les couleurs.<\/li>\n<li>Invitez votre enfant \u00e0 exprimer ses \u00e9motions en utilisant les doudous.<\/li>\n<li>Lorsque votre enfant d\u00e9signe un doudou, prenez le temps de discuter de son ressenti et la mani\u00e8re de g\u00e9rer cette \u00e9motion.<\/li>\n<li>Utilisez le livre \u201c<a href=\"https:\/\/emodou.be\/fr\/produit\/livre-vivre-mes-emotions-avec-milo\/\">Vivre mes \u00e9motions avec Milo<\/a>\u201d pour aider \u00e0 illustrer et \u00e0 expliquer les \u00e9motions de mani\u00e8re ludique.<\/li>\n<\/ul>\n<h4>Caract\u00e9ristiques du livre<\/h4>\n<ul>\n<li>Fabrication 100% Belge\u00a0!<\/li>\n<li>Illustrations\u00a0: S\u00e9bastien JACQMIN<\/li>\n<li>Dimensions\u00a0: 17.5 cm x 25 cm x 1 cm<\/li>\n<li>Age conseill\u00e9\u00a0: d\u00e8s 1 an<\/li>\n<\/ul>\n<h4>Caract\u00e9ristiques des doudous<\/h4>\n<ul>\n<li>Mati\u00e8re\u00a0: 100% tissu Minky<\/li>\n<li>Certification Oeko Tex Standard 100<\/li>\n<li>Conseil d\u2019entretien\u00a0: lavable en machine 30\u00b0<\/li>\n<li>Dimensions\u00a0: 22 cm x 27 cm x 9 cm<\/li>\n<li>Age conseill\u00e9\u00a0: d\u00e8s 1 an<\/li>\n<\/ul>\n<h2>Conclusion<\/h2>\n<p>Le Coffret Doudous \u00c9motions est un outil p\u00e9dagogique ludique qui vous offre l&#8217;opportunit\u00e9 de vivre un moment privil\u00e9gi\u00e9 \u00e0 l&#8217;\u00e9coute de votre enfant et de son bien-\u00eatre \u00e9motionnel. Gr\u00e2ce aux 4 doudous rhinoc\u00e9ros et au livre illustr\u00e9, votre enfant peut comprendre et g\u00e9rer ses \u00e9motions de mani\u00e8re ludique et interactive.<\/p>\n","protected":false},"excerpt":{"rendered":"<p>Offrez \u00e0 votre enfant un v\u00e9ritable outil p\u00e9dagogique pour aider \u00e0 comprendre et traverser les \u00e9motions qu&#8217;il rencontre au quotidien avec ce Coffret \u00c9motions. <strong>Compos\u00e9 de 4 doudous repr\u00e9sentant la joie, la col\u00e8re, la tristesse et la peur, ainsi qu&#8217;un livre illustr\u00e9<\/strong>, ce coffret est plus qu&#8217;un simple jouet.<\/p>\n<p><em>*Livre offert dans le coffret.<\/em><\/p>\n","protected":false},"featured_media":3329,"template":"","meta":[],"product_cat":[38],"product_tag":[60],"class_list":{"0":"post-136","1":"product","2":"type-product","3":"status-publish","4":"has-post-thumbnail","6":"product_cat-nos-coffrets","7":"product_tag-emotions","9":"first","10":"instock","11":"shipping-taxable","12":"purchasable","13":"product-type-simple"},"yoast_head":"<!-- This site is optimized with the Yoast SEO plugin v22.6 - https:\/\/yoast.com\/wordpress\/plugins\/seo\/ -->\n<title>Coffret \u00c9motions - Comprendre et g\u00e9rer ses \u00e9motions<\/title>\n<meta name=\"description\" content=\"Offrez \u00e0 votre enfant un v\u00e9ritable outil p\u00e9dagogique avec le Coffret \u00c9motions pour aider \u00e0 comprendre et traverser les \u00e9motions qu&#039;il rencontre.\" \/>\n<meta name=\"robots\" content=\"index, follow, max-snippet:-1, max-image-preview:large, max-video-preview:-1\" \/>\n<link rel=\"canonical\" href=\"https:\/\/emodou.be\/fr\/produit\/coffret-emotions-4-doudous-et-un-livre\/\" \/>\n<meta property=\"og:locale\" content=\"fr_FR\" \/>\n<meta property=\"og:type\" content=\"article\" \/>\n<meta property=\"og:title\" content=\"Coffret \u00c9motions - Comprendre et g\u00e9rer ses \u00e9motions\" \/>\n<meta property=\"og:description\" content=\"Offrez \u00e0 votre enfant un v\u00e9ritable outil p\u00e9dagogique avec le Coffret \u00c9motions pour aider \u00e0 comprendre et traverser les \u00e9motions qu&#039;il rencontre.\" \/>\n<meta property=\"og:url\" content=\"https:\/\/emodou.be\/fr\/produit\/coffret-emotions-4-doudous-et-un-livre\/\" \/>\n<meta property=\"og:site_name\" content=\"Emodou\" \/>\n<meta property=\"article:modified_time\" content=\"2024-01-11T12:57:07+00:00\" \/>\n<meta property=\"og:image\" content=\"https:\/\/emodou.be\/wp-content\/uploads\/2022\/12\/coffret-emotions-12m-2-min.jpg\" \/>\n\t<meta property=\"og:image:width\" content=\"800\" \/>\n\t<meta property=\"og:image:height\" content=\"800\" \/>\n\t<meta property=\"og:image:type\" content=\"image\/jpeg\" \/>\n<meta name=\"twitter:card\" content=\"summary_large_image\" \/>\n<meta name=\"twitter:label1\" content=\"Dur\u00e9e de lecture est.\" \/>\n\t<meta name=\"twitter:data1\" content=\"2 minutes\" \/>\n<script type=\"application\/ld+json\" class=\"yoast-schema-graph\">{\"@context\":\"https:\/\/schema.org\",\"@graph\":[{\"@type\":\"WebPage\",\"@id\":\"https:\/\/emodou.be\/fr\/produit\/coffret-emotions-4-doudous-et-un-livre\/\",\"url\":\"https:\/\/emodou.be\/fr\/produit\/coffret-emotions-4-doudous-et-un-livre\/\",\"name\":\"Coffret \u00c9motions - Comprendre et g\u00e9rer ses \u00e9motions\",\"isPartOf\":{\"@id\":\"https:\/\/emodou.be\/fr\/#website\"},\"primaryImageOfPage\":{\"@id\":\"https:\/\/emodou.be\/fr\/produit\/coffret-emotions-4-doudous-et-un-livre\/#primaryimage\"},\"image\":{\"@id\":\"https:\/\/emodou.be\/fr\/produit\/coffret-emotions-4-doudous-et-un-livre\/#primaryimage\"},\"thumbnailUrl\":\"https:\/\/emodou.be\/wp-content\/uploads\/2022\/12\/coffret-emotions-12m-2-min.jpg\",\"datePublished\":\"2022-12-19T15:17:01+00:00\",\"dateModified\":\"2024-01-11T12:57:07+00:00\",\"description\":\"Offrez \u00e0 votre enfant un v\u00e9ritable outil p\u00e9dagogique avec le Coffret \u00c9motions pour aider \u00e0 comprendre et traverser les \u00e9motions qu'il rencontre.\",\"breadcrumb\":{\"@id\":\"https:\/\/emodou.be\/fr\/produit\/coffret-emotions-4-doudous-et-un-livre\/#breadcrumb\"},\"inLanguage\":\"fr-BE\",\"potentialAction\":[{\"@type\":\"ReadAction\",\"target\":[\"https:\/\/emodou.be\/fr\/produit\/coffret-emotions-4-doudous-et-un-livre\/\"]}]},{\"@type\":\"ImageObject\",\"inLanguage\":\"fr-BE\",\"@id\":\"https:\/\/emodou.be\/fr\/produit\/coffret-emotions-4-doudous-et-un-livre\/#primaryimage\",\"url\":\"https:\/\/emodou.be\/wp-content\/uploads\/2022\/12\/coffret-emotions-12m-2-min.jpg\",\"contentUrl\":\"https:\/\/emodou.be\/wp-content\/uploads\/2022\/12\/coffret-emotions-12m-2-min.jpg\",\"width\":800,\"height\":800,\"caption\":\"Coffret Emotions Doudou EMODOU\"},{\"@type\":\"BreadcrumbList\",\"@id\":\"https:\/\/emodou.be\/fr\/produit\/coffret-emotions-4-doudous-et-un-livre\/#breadcrumb\",\"itemListElement\":[{\"@type\":\"ListItem\",\"position\":1,\"name\":\"Accueil\",\"item\":\"https:\/\/emodou.be\/fr\/\"},{\"@type\":\"ListItem\",\"position\":2,\"name\":\"Notre collection\",\"item\":\"https:\/\/emodou.be\/fr\/notre-collection\/\"},{\"@type\":\"ListItem\",\"position\":3,\"name\":\"Coffret Doudous \u00c9motions\"}]},{\"@type\":\"WebSite\",\"@id\":\"https:\/\/emodou.be\/fr\/#website\",\"url\":\"https:\/\/emodou.be\/fr\/\",\"name\":\"Emodou\",\"description\":\"Livres &amp; Doudous p\u00e9dagogiques\",\"publisher\":{\"@id\":\"https:\/\/emodou.be\/fr\/#organization\"},\"potentialAction\":[{\"@type\":\"SearchAction\",\"target\":{\"@type\":\"EntryPoint\",\"urlTemplate\":\"https:\/\/emodou.be\/fr\/?s={search_term_string}\"},\"query-input\":\"required name=search_term_string\"}],\"inLanguage\":\"fr-BE\"},{\"@type\":\"Organization\",\"@id\":\"https:\/\/emodou.be\/fr\/#organization\",\"name\":\"Emodou\",\"url\":\"https:\/\/emodou.be\/fr\/\",\"logo\":{\"@type\":\"ImageObject\",\"inLanguage\":\"fr-BE\",\"@id\":\"https:\/\/emodou.be\/fr\/#\/schema\/logo\/image\/\",\"url\":\"https:\/\/emodou.be\/wp-content\/uploads\/2022\/12\/Emodou-livres-doudous.svg\",\"contentUrl\":\"https:\/\/emodou.be\/wp-content\/uploads\/2022\/12\/Emodou-livres-doudous.svg\",\"width\":700,\"height\":276,\"caption\":\"Emodou\"},\"image\":{\"@id\":\"https:\/\/emodou.be\/fr\/#\/schema\/logo\/image\/\"}}]}<\/script>\n<!-- \/ Yoast SEO plugin. -->","yoast_head_json":{"title":"Coffret \u00c9motions - Comprendre et g\u00e9rer ses \u00e9motions","description":"Offrez \u00e0 votre enfant un v\u00e9ritable outil p\u00e9dagogique avec le Coffret \u00c9motions pour aider \u00e0 comprendre et traverser les \u00e9motions qu'il rencontre.","robots":{"index":"index","follow":"follow","max-snippet":"max-snippet:-1","max-image-preview":"max-image-preview:large","max-video-preview":"max-video-preview:-1"},"canonical":"https:\/\/emodou.be\/fr\/produit\/coffret-emotions-4-doudous-et-un-livre\/","og_locale":"fr_FR","og_type":"article","og_title":"Coffret \u00c9motions - Comprendre et g\u00e9rer ses \u00e9motions","og_description":"Offrez \u00e0 votre enfant un v\u00e9ritable outil p\u00e9dagogique avec le Coffret \u00c9motions pour aider \u00e0 comprendre et traverser les \u00e9motions qu'il rencontre.","og_url":"https:\/\/emodou.be\/fr\/produit\/coffret-emotions-4-doudous-et-un-livre\/","og_site_name":"Emodou","article_modified_time":"2024-01-11T12:57:07+00:00","og_image":[{"width":800,"height":800,"url":"https:\/\/emodou.be\/wp-content\/uploads\/2022\/12\/coffret-emotions-12m-2-min.jpg","type":"image\/jpeg"}],"twitter_card":"summary_large_image","twitter_misc":{"Dur\u00e9e de lecture est.":"2 minutes"},"schema":{"@context":"https:\/\/schema.org","@graph":[{"@type":"WebPage","@id":"https:\/\/emodou.be\/fr\/produit\/coffret-emotions-4-doudous-et-un-livre\/","url":"https:\/\/emodou.be\/fr\/produit\/coffret-emotions-4-doudous-et-un-livre\/","name":"Coffret \u00c9motions - Comprendre et g\u00e9rer ses \u00e9motions","isPartOf":{"@id":"https:\/\/emodou.be\/fr\/#website"},"primaryImageOfPage":{"@id":"https:\/\/emodou.be\/fr\/produit\/coffret-emotions-4-doudous-et-un-livre\/#primaryimage"},"image":{"@id":"https:\/\/emodou.be\/fr\/produit\/coffret-emotions-4-doudous-et-un-livre\/#primaryimage"},"thumbnailUrl":"https:\/\/emodou.be\/wp-content\/uploads\/2022\/12\/coffret-emotions-12m-2-min.jpg","datePublished":"2022-12-19T15:17:01+00:00","dateModified":"2024-01-11T12:57:07+00:00","description":"Offrez \u00e0 votre enfant un v\u00e9ritable outil p\u00e9dagogique avec le Coffret \u00c9motions pour aider \u00e0 comprendre et traverser les \u00e9motions qu'il rencontre.","breadcrumb":{"@id":"https:\/\/emodou.be\/fr\/produit\/coffret-emotions-4-doudous-et-un-livre\/#breadcrumb"},"inLanguage":"fr-BE","potentialAction":[{"@type":"ReadAction","target":["https:\/\/emodou.be\/fr\/produit\/coffret-emotions-4-doudous-et-un-livre\/"]}]},{"@type":"ImageObject","inLanguage":"fr-BE","@id":"https:\/\/emodou.be\/fr\/produit\/coffret-emotions-4-doudous-et-un-livre\/#primaryimage","url":"https:\/\/emodou.be\/wp-content\/uploads\/2022\/12\/coffret-emotions-12m-2-min.jpg","contentUrl":"https:\/\/emodou.be\/wp-content\/uploads\/2022\/12\/coffret-emotions-12m-2-min.jpg","width":800,"height":800,"caption":"Coffret Emotions Doudou EMODOU"},{"@type":"BreadcrumbList","@id":"https:\/\/emodou.be\/fr\/produit\/coffret-emotions-4-doudous-et-un-livre\/#breadcrumb","itemListElement":[{"@type":"ListItem","position":1,"name":"Accueil","item":"https:\/\/emodou.be\/fr\/"},{"@type":"ListItem","position":2,"name":"Notre collection","item":"https:\/\/emodou.be\/fr\/notre-collection\/"},{"@type":"ListItem","position":3,"name":"Coffret Doudous \u00c9motions"}]},{"@type":"WebSite","@id":"https:\/\/emodou.be\/fr\/#website","url":"https:\/\/emodou.be\/fr\/","name":"Emodou","description":"Livres &amp; Doudous p\u00e9dagogiques","publisher":{"@id":"https:\/\/emodou.be\/fr\/#organization"},"potentialAction":[{"@type":"SearchAction","target":{"@type":"EntryPoint","urlTemplate":"https:\/\/emodou.be\/fr\/?s={search_term_string}"},"query-input":"required name=search_term_string"}],"inLanguage":"fr-BE"},{"@type":"Organization","@id":"https:\/\/emodou.be\/fr\/#organization","name":"Emodou","url":"https:\/\/emodou.be\/fr\/","logo":{"@type":"ImageObject","inLanguage":"fr-BE","@id":"https:\/\/emodou.be\/fr\/#\/schema\/logo\/image\/","url":"https:\/\/emodou.be\/wp-content\/uploads\/2022\/12\/Emodou-livres-doudous.svg","contentUrl":"https:\/\/emodou.be\/wp-content\/uploads\/2022\/12\/Emodou-livres-doudous.svg","width":700,"height":276,"caption":"Emodou"},"image":{"@id":"https:\/\/emodou.be\/fr\/#\/schema\/logo\/image\/"}}]}},"_links":{"self":[{"href":"https:\/\/emodou.be\/fr\/wp-json\/wp\/v2\/product\/136","targetHints":{"allow":["GET"]}}],"collection":[{"href":"https:\/\/emodou.be\/fr\/wp-json\/wp\/v2\/product"}],"about":[{"href":"https:\/\/emodou.be\/fr\/wp-json\/wp\/v2\/types\/product"}],"wp:featuredmedia":[{"embeddable":true,"href":"https:\/\/emodou.be\/fr\/wp-json\/wp\/v2\/media\/3329"}],"wp:attachment":[{"href":"https:\/\/emodou.be\/fr\/wp-json\/wp\/v2\/media?parent=136"}],"wp:term":[{"taxonomy":"product_cat","embeddable":true,"href":"https:\/\/emodou.be\/fr\/wp-json\/wp\/v2\/product_cat?post=136"},{"taxonomy":"product_tag","embeddable":true,"href":"https:\/\/emodou.be\/fr\/wp-json\/wp\/v2\/product_tag?post=136"}],"curies":[{"name":"wp","href":"https:\/\/api.w.org\/{rel}","templated":true}]}}