{"id":3244,"date":"2023-11-30T19:38:11","date_gmt":"2023-11-30T18:38:11","guid":{"rendered":"https:\/\/emodou.be\/?page_id=3244"},"modified":"2023-11-30T20:05:44","modified_gmt":"2023-11-30T19:05:44","slug":"marketing","status":"publish","type":"page","link":"https:\/\/emodou.be\/fr\/marketing\/","title":{"rendered":"Marketing"},"content":{"rendered":"\t\t<div data-elementor-type=\"wp-page\" data-elementor-id=\"3244\" class=\"elementor elementor-3244\" data-elementor-post-type=\"page\">\n\t\t\t\t\t\t<section data-particle_enable=\"false\" data-particle-mobile-disabled=\"false\" class=\"elementor-section elementor-top-section elementor-element elementor-element-0a24960 elementor-section-boxed elementor-section-height-default elementor-section-height-default\" data-id=\"0a24960\" data-element_type=\"section\">\n\t\t\t\t\t\t<div class=\"elementor-container elementor-column-gap-default\">\n\t\t\t\t\t<div class=\"elementor-column elementor-col-100 elementor-top-column elementor-element elementor-element-7a3e7d5\" data-id=\"7a3e7d5\" data-element_type=\"column\">\n\t\t\t<div class=\"elementor-widget-wrap elementor-element-populated\">\n\t\t\t\t\t\t<div class=\"elementor-element elementor-element-4153c42 elementor-widget elementor-widget-text-editor\" data-id=\"4153c42\" data-element_type=\"widget\" data-widget_type=\"text-editor.default\">\n\t\t\t\t<div class=\"elementor-widget-container\">\n\t\t\t<style>\/*! elementor - v3.20.0 - 19-02-2024 *\/\n.elementor-widget-text-editor.elementor-drop-cap-view-stacked .elementor-drop-cap{background-color:#69727d;color:#fff}.elementor-widget-text-editor.elementor-drop-cap-view-framed .elementor-drop-cap{color:#69727d;border:3px solid;background-color:transparent}.elementor-widget-text-editor:not(.elementor-drop-cap-view-default) .elementor-drop-cap{margin-top:8px}.elementor-widget-text-editor:not(.elementor-drop-cap-view-default) .elementor-drop-cap-letter{width:1em;height:1em}.elementor-widget-text-editor .elementor-drop-cap{float:left;text-align:center;line-height:1;font-size:50px}.elementor-widget-text-editor .elementor-drop-cap-letter{display:inline-block}<\/style>\t\t\t\t<div class=\"elementor-element elementor-element-347ff90e elementor-widget elementor-widget-heading\" data-id=\"347ff90e\" data-element_type=\"widget\" data-widget_type=\"heading.default\"><div class=\"elementor-widget-container\"><h2 class=\"elementor-heading-title elementor-size-default\">Trouver Emodou et ses produits en magasin<\/h2><\/div><\/div><div class=\"elementor-element elementor-element-4ee6b525 elementor-widget elementor-widget-text-editor\" data-id=\"4ee6b525\" data-element_type=\"widget\" data-widget_type=\"text-editor.default\"><div class=\"elementor-widget-container\">Vous souhaitez acheter nos doudous Milo ou un de nos produits en magasin ? Mais o\u00f9 trouver Emodou ? Gr\u00e2ce \u00e0 la carte ci-dessous, vous pouvez facilement trouver un des points de vente de nos partenaires proche de chez vous.<\/div><\/div><div class=\"elementor-element elementor-element-7963467f elementor-widget elementor-widget-heading\" data-id=\"7963467f\" data-element_type=\"widget\" data-widget_type=\"heading.default\"><div class=\"elementor-widget-container\"><h3 class=\"elementor-heading-title elementor-size-default\">La liste de nos partenaires<\/h3><\/div><\/div><div class=\"elementor-element elementor-element-1f1d3a1a elementor-widget elementor-widget-text-editor\" data-id=\"1f1d3a1a\" data-element_type=\"widget\" data-widget_type=\"text-editor.default\"><div class=\"elementor-widget-container\"><p>Envie de commencer une nouvelle aventure avec Milo pour votre enfant ? D\u00e9couvrez la liste de nos partenaires, il ne vous reste plus qu\u2019\u00e0 choisir !<\/p><\/div><\/div>\t\t\t\t\t\t<\/div>\n\t\t\t\t<\/div>\n\t\t\t\t\t<\/div>\n\t\t<\/div>\n\t\t\t\t\t<\/div>\n\t\t<\/section>\n\t\t\t\t<section data-particle_enable=\"false\" data-particle-mobile-disabled=\"false\" class=\"elementor-section elementor-top-section elementor-element elementor-element-4b15f55 elementor-section-boxed elementor-section-height-default elementor-section-height-default\" data-id=\"4b15f55\" data-element_type=\"section\">\n\t\t\t\t\t\t<div class=\"elementor-container elementor-column-gap-default\">\n\t\t\t\t\t<div class=\"elementor-column elementor-col-100 elementor-top-column elementor-element elementor-element-d632399\" data-id=\"d632399\" data-element_type=\"column\">\n\t\t\t<div class=\"elementor-widget-wrap elementor-element-populated\">\n\t\t\t\t\t\t<div class=\"elementor-element elementor-element-2c8293f elementor-widget elementor-widget-html\" data-id=\"2c8293f\" data-element_type=\"widget\" data-widget_type=\"html.default\">\n\t\t\t\t<div class=\"elementor-widget-container\">\n\t\t\t<iframe src=\"https:\/\/www.google.com\/maps\/d\/embed?mid=1gzsGkk7Ykd8-h0xf-5fMXt-kbEeGftQ&ehbc=2E312F\" width=\"640\" height=\"480\"><\/iframe>\t\t<\/div>\n\t\t\t\t<\/div>\n\t\t\t\t\t<\/div>\n\t\t<\/div>\n\t\t\t\t\t<\/div>\n\t\t<\/section>\n\t\t\t\t<section data-particle_enable=\"false\" data-particle-mobile-disabled=\"false\" class=\"elementor-section elementor-top-section elementor-element elementor-element-78566ea elementor-section-boxed elementor-section-height-default elementor-section-height-default\" data-id=\"78566ea\" data-element_type=\"section\">\n\t\t\t\t\t\t<div class=\"elementor-container elementor-column-gap-default\">\n\t\t\t\t\t<div class=\"elementor-column elementor-col-50 elementor-top-column elementor-element elementor-element-7ae0a54\" data-id=\"7ae0a54\" data-element_type=\"column\">\n\t\t\t<div class=\"elementor-widget-wrap elementor-element-populated\">\n\t\t\t\t\t\t<div class=\"elementor-element elementor-element-205375c elementor-widget elementor-widget-text-editor\" data-id=\"205375c\" data-element_type=\"widget\" data-widget_type=\"text-editor.default\">\n\t\t\t\t<div class=\"elementor-widget-container\">\n\t\t\t\t\t\t\t<ul class=\"elementor-icon-list-items\"><li class=\"elementor-icon-list-item\"><a href=\"https:\/\/www.abccafe.be\/\" target=\"_blank\" rel=\"noopener\"><span class=\"elementor-icon-list-text\">ABC caf\u00e9<\/span><\/a><\/li><li class=\"elementor-icon-list-item\"><a href=\"https:\/\/www.bbkaline.com\/\"><span class=\"elementor-icon-list-text\">BB Ka-Line<\/span><\/a><\/li><li class=\"elementor-icon-list-item\"><a href=\"https:\/\/couchelavable.eu\/boutique\/fr\/\"><span class=\"elementor-icon-list-text\">B\u00e9b\u00e9 Happy by ECoollogic<\/span><\/a><\/li><li class=\"elementor-icon-list-item\"><a href=\"https:\/\/www.bebekadom.be\/\"><span class=\"elementor-icon-list-text\">Bebekadom<\/span><\/a><\/li><li class=\"elementor-icon-list-item\"><a href=\"https:\/\/bebewadou.be\/\"><span class=\"elementor-icon-list-text\">B\u00e9b\u00e9 Wadou<\/span><\/a><\/li><li class=\"elementor-icon-list-item\"><a href=\"https:\/\/www.camille.be\/?gclid=CjwKCAiA_6yfBhBNEiwAkmXy5wTTpHuFRwCsbotprJsT7gTyUyz-akS3z8Luw-5d71H5Raoh4wRk0xoC5KsQAvD_BwE\"><span class=\"elementor-icon-list-text\">Camille &#8211; Allocations Familiales<\/span><\/a><\/li><li class=\"elementor-icon-list-item\"><a href=\"https:\/\/www.carrefour.be\/fr.html?gclid=CjwKCAjwg-GjBhBnEiwAMUvNW3IsbH2YKusixb2lx1FGKWMkL6sKIReKA9GsBg9kk1EW50THPOU1-RoChrgQAvD_BwE\"><span class=\"elementor-icon-list-text\">Carrefour<\/span><\/a><\/li><li class=\"elementor-icon-list-item\"><a href=\"https:\/\/www.club.be\/?gclid=Cj0KCQjwhL6pBhDjARIsAGx8D59NzgpjvQjcHwuW_UY2YLDvzgY1WN4NEcgRqOcvr7WgtzfoODmohVcaAtP3EALw_wcB\"><span class=\"elementor-icon-list-text\">Club<\/span><\/a><\/li><li class=\"elementor-icon-list-item\"><a href=\"https:\/\/cocoetmoi.be\/\"><span class=\"elementor-icon-list-text\">Coco &amp; Moi<\/span><\/a><\/li><li class=\"elementor-icon-list-item\"><a href=\"https:\/\/www.colibri-kidstore.be\/\"><span class=\"elementor-icon-list-text\">Colibri Kidstore<\/span><\/a><\/li><li class=\"elementor-icon-list-item\"><a href=\"https:\/\/culottescourtes.be\/\" target=\"_blank\" rel=\"noopener\"><span class=\"elementor-icon-list-text\">Culottes Courtes &#8211; Baby Store<\/span><\/a><\/li><li class=\"elementor-icon-list-item\"><a href=\"https:\/\/grandeur-nature-andenne.be\/\"><span class=\"elementor-icon-list-text\">Grandeur Nature<\/span><\/a><\/li><li class=\"elementor-icon-list-item\"><a href=\"https:\/\/greenkids.be\/\"><span class=\"elementor-icon-list-text\">Green Kids<\/span><\/a><\/li><li class=\"elementor-icon-list-item\"><a href=\"https:\/\/www.facebook.com\/iletaitunefoisbyjoanne\"><span class=\"elementor-icon-list-text\">Il \u00e9tait une fois<\/span><\/a><\/li><li class=\"elementor-icon-list-item\"><a href=\"https:\/\/mya-max.baby\/\"><span class=\"elementor-icon-list-text\">Je signe avec Mya et Max<\/span><\/a><\/li><li class=\"elementor-icon-list-item\"><a href=\"https:\/\/www.lafoliedubebe.be\/\" target=\"_blank\" rel=\"noopener\"><span class=\"elementor-icon-list-text\">La folie du b\u00e9b\u00e9<\/span><\/a><\/li><li class=\"elementor-icon-list-item\"><a href=\"https:\/\/www.facebook.com\/laventure.librairie\/\"><span class=\"elementor-icon-list-text\">L&#8217;Aventure<\/span><\/a><\/li><li class=\"elementor-icon-list-item\"><a href=\"https:\/\/www.lecole-buissonniere.fr\/\"><span class=\"elementor-icon-list-text\">L&#8217;Ecole Buissonni\u00e8re<\/span><\/a><\/li><li class=\"elementor-icon-list-item\"><a href=\"https:\/\/www.instagram.com\/le.panda.bleu\/?hl=fr\"><span class=\"elementor-icon-list-text\">Le Panda Bleu<\/span><\/a><\/li><li class=\"elementor-icon-list-item\"><a href=\"https:\/\/www.facebook.com\/people\/Le-Pont-des-Arts\/100057246018570\/\"><span class=\"elementor-icon-list-text\">Le Pont des Arts<\/span><\/a><\/li><li class=\"elementor-icon-list-item\"><a href=\"https:\/\/www.instagram.com\/beauxpapiers92\/?hl=fr\"><span class=\"elementor-icon-list-text\">Les Beaux Papiers<\/span><\/a><\/li><li class=\"elementor-icon-list-item\"><a href=\"https:\/\/lesloupiots-hesdin.fr\/\"><span class=\"elementor-icon-list-text\">Les Loupiots<\/span><\/a><\/li><li class=\"elementor-icon-list-item\"><a href=\"https:\/\/leszarsouilles.be\/\"><span class=\"elementor-icon-list-text\">Les Z&#8217;arsouilles<\/span><\/a><\/li><li class=\"elementor-icon-list-item\"><a href=\"http:\/\/www.lesaugustins.com\/\"><span class=\"elementor-icon-list-text\">Librairie Les Augustins<\/span><\/a><\/li><li class=\"elementor-icon-list-item\"><a href=\"https:\/\/www.facebook.com\/profile.php?id=100029109926549\"><span class=\"elementor-icon-list-text\">Lili Plume<\/span><\/a><\/li><\/ul>\t\t\t\t\t\t<\/div>\n\t\t\t\t<\/div>\n\t\t\t\t\t<\/div>\n\t\t<\/div>\n\t\t\t\t<div class=\"elementor-column elementor-col-50 elementor-top-column elementor-element elementor-element-fec80a5\" data-id=\"fec80a5\" data-element_type=\"column\">\n\t\t\t<div class=\"elementor-widget-wrap elementor-element-populated\">\n\t\t\t\t\t\t<div class=\"elementor-element elementor-element-eb214c9 elementor-widget elementor-widget-text-editor\" data-id=\"eb214c9\" data-element_type=\"widget\" data-widget_type=\"text-editor.default\">\n\t\t\t\t<div class=\"elementor-widget-container\">\n\t\t\t\t\t\t\t<ul class=\"elementor-icon-list-items\"><li class=\"elementor-icon-list-item\"><a href=\"https:\/\/www.lilyetpoupette.com\/\"><span class=\"elementor-icon-list-text\">Lily et Poupette<\/span><\/a><\/li><li class=\"elementor-icon-list-item\"><a href=\"https:\/\/www.littleteam.be\/\" target=\"_blank\" rel=\"noopener\"><span class=\"elementor-icon-list-text\">Little Team<\/span><\/a><\/li><li class=\"elementor-icon-list-item\"><a href=\"https:\/\/www.livreauxtresors.be\/\"><span class=\"elementor-icon-list-text\">Livre Aux Tr\u00e9sors<\/span><\/a><\/li><li class=\"elementor-icon-list-item\"><a href=\"https:\/\/ludiqart.odoo.com\/\"><span class=\"elementor-icon-list-text\">Ludiq&#8217;Art<\/span><\/a><\/li><li class=\"elementor-icon-list-item\"><a href=\"https:\/\/www.facebook.com\/maisonleroyampsin\/?locale=fr_FR\"><span class=\"elementor-icon-list-text\">Maison Leroy<\/span><\/a><\/li><li class=\"elementor-icon-list-item\"><a href=\"https:\/\/www.facebook.com\/marquetapage\/?locale=fr_FR\"><span class=\"elementor-icon-list-text\">Marque Tapage<\/span><\/a><\/li><li class=\"elementor-icon-list-item\"><a href=\"https:\/\/www.maximum.be\/\"><span class=\"elementor-icon-list-text\">Maximum La Papeterie<\/span><\/a><\/li><li class=\"elementor-icon-list-item\"><a href=\"https:\/\/www.mynursery.be\/\"><span class=\"elementor-icon-list-text\">My Nursery<\/span><\/a><\/li><li class=\"elementor-icon-list-item\"><a href=\"https:\/\/www.naitreautrement.be\/\"><span class=\"elementor-icon-list-text\">Naitre Autrement &#8211; Doula-Store<\/span><\/a><\/li><li class=\"elementor-icon-list-item\"><a href=\"https:\/\/www.ohlespetitesfolies.be\/\"><span class=\"elementor-icon-list-text\">Oh ! Les Petites Folies<\/span><\/a><\/li><li class=\"elementor-icon-list-item\"><a href=\"http:\/\/www.paradis-des-enfants.be\/\"><span class=\"elementor-icon-list-text\">Paradis des Enfants<\/span><\/a><\/li><li class=\"elementor-icon-list-item\"><a href=\"https:\/\/www.pharmaciedesart.be\/\"><span class=\"elementor-icon-list-text\">Pharmacie de Sart<\/span><\/a><\/li><li class=\"elementor-icon-list-item\"><a href=\"https:\/\/www.pharmacie360alleur.be\/\"><span class=\"elementor-icon-list-text\">Pharmacie 360<\/span><\/a><\/li><li class=\"elementor-icon-list-item\"><a href=\"http:\/\/www.pouce-compagnie.be\/fr\/\"><span class=\"elementor-icon-list-text\">Pouce &amp; Compagnie<\/span><\/a><\/li><li class=\"elementor-icon-list-item\"><a href=\"https:\/\/www.facebook.com\/profile.php?id=100063697697792\"><span class=\"elementor-icon-list-text\">Poussi\u00e8re d&#8217;\u00e9toiles<\/span><\/a><\/li><li class=\"elementor-icon-list-item\"><a href=\"https:\/\/www.facebook.com\/ptitsbouquins.cie\/\"><span class=\"elementor-icon-list-text\">P&#8217;tits Bouquins &amp; Cie<\/span><\/a><\/li><li class=\"elementor-icon-list-item\"><a href=\"https:\/\/rev-et-ose.be\/\" target=\"_blank\" rel=\"noopener\"><span class=\"elementor-icon-list-text\">Rev &amp; Ose<\/span><\/a><\/li><li class=\"elementor-icon-list-item\"><a href=\"https:\/\/simsalabimbaby.be\/\"><span class=\"elementor-icon-list-text\">Simsalabim<\/span><\/a><\/li><li class=\"elementor-icon-list-item\"><a href=\"https:\/\/wallux.com\/syola-and-co\"><span class=\"elementor-icon-list-text\">Syola &amp; Co<\/span><\/a><\/li><li class=\"elementor-icon-list-item\"><a href=\"http:\/\/www.tamariki.be\/\"><span class=\"elementor-icon-list-text\">Tamariki<\/span><\/a><\/li><li class=\"elementor-icon-list-item\"><a href=\"https:\/\/thecarameletchocolat.fr\/fr\/\"><span class=\"elementor-icon-list-text\">Th\u00e9 Caramel &amp; Chocolat<\/span><\/a><\/li><li class=\"elementor-icon-list-item\"><a href=\"https:\/\/www.ucm.be\/?gclid=CjwKCAiA_6yfBhBNEiwAkmXy57cA4JAtcjBTDDmyz5WNywc05tkkfGBjII_0B0raG4PZBgRitq2r3hoC3I0QAvD_BwE\" target=\"_blank\" rel=\"noopener\"><span class=\"elementor-icon-list-text\">UCM<\/span><\/a><\/li><\/ul><p>.<\/p>\t\t\t\t\t\t<\/div>\n\t\t\t\t<\/div>\n\t\t\t\t\t<\/div>\n\t\t<\/div>\n\t\t\t\t\t<\/div>\n\t\t<\/section>\n\t\t\t\t<\/div>\n\t\t","protected":false},"excerpt":{"rendered":"<p>Trouver Emodou et ses produits en magasin Vous souhaitez acheter nos doudous Milo ou un de nos produits en magasin ? Mais o\u00f9 trouver Emodou ? Gr\u00e2ce \u00e0 la carte ci-dessous, vous pouvez facilement trouver un des points de vente de nos partenaires proche de chez vous. La liste de nos partenaires Envie de commencer [&hellip;]<\/p>\n","protected":false},"author":14,"featured_media":0,"parent":0,"menu_order":0,"comment_status":"closed","ping_status":"closed","template":"","meta":{"footnotes":""},"class_list":["post-3244","page","type-page","status-publish","hentry"],"yoast_head":"<!-- This site is optimized with the Yoast SEO plugin v22.6 - https:\/\/yoast.com\/wordpress\/plugins\/seo\/ -->\n<title>Marketing - Emodou<\/title>\n<meta name=\"robots\" content=\"index, follow, max-snippet:-1, max-image-preview:large, max-video-preview:-1\" \/>\n<link rel=\"canonical\" href=\"https:\/\/emodou.be\/fr\/marketing\/\" \/>\n<meta property=\"og:locale\" content=\"fr_FR\" \/>\n<meta property=\"og:type\" content=\"article\" \/>\n<meta property=\"og:title\" content=\"Marketing - Emodou\" \/>\n<meta property=\"og:description\" content=\"Trouver Emodou et ses produits en magasin Vous souhaitez acheter nos doudous Milo ou un de nos produits en magasin ? Mais o\u00f9 trouver Emodou ? Gr\u00e2ce \u00e0 la carte ci-dessous, vous pouvez facilement trouver un des points de vente de nos partenaires proche de chez vous. La liste de nos partenaires Envie de commencer [&hellip;]\" \/>\n<meta property=\"og:url\" content=\"https:\/\/emodou.be\/fr\/marketing\/\" \/>\n<meta property=\"og:site_name\" content=\"Emodou\" \/>\n<meta property=\"article:modified_time\" content=\"2023-11-30T19:05:44+00:00\" \/>\n<meta name=\"twitter:card\" content=\"summary_large_image\" \/>\n<meta name=\"twitter:label1\" content=\"Dur\u00e9e de lecture est.\" \/>\n\t<meta name=\"twitter:data1\" content=\"1 minute\" \/>\n<script type=\"application\/ld+json\" class=\"yoast-schema-graph\">{\"@context\":\"https:\/\/schema.org\",\"@graph\":[{\"@type\":\"WebPage\",\"@id\":\"https:\/\/emodou.be\/fr\/marketing\/\",\"url\":\"https:\/\/emodou.be\/fr\/marketing\/\",\"name\":\"Marketing - Emodou\",\"isPartOf\":{\"@id\":\"https:\/\/emodou.be\/fr\/#website\"},\"datePublished\":\"2023-11-30T18:38:11+00:00\",\"dateModified\":\"2023-11-30T19:05:44+00:00\",\"breadcrumb\":{\"@id\":\"https:\/\/emodou.be\/fr\/marketing\/#breadcrumb\"},\"inLanguage\":\"fr-BE\",\"potentialAction\":[{\"@type\":\"ReadAction\",\"target\":[\"https:\/\/emodou.be\/fr\/marketing\/\"]}]},{\"@type\":\"BreadcrumbList\",\"@id\":\"https:\/\/emodou.be\/fr\/marketing\/#breadcrumb\",\"itemListElement\":[{\"@type\":\"ListItem\",\"position\":1,\"name\":\"Accueil\",\"item\":\"https:\/\/emodou.be\/fr\/\"},{\"@type\":\"ListItem\",\"position\":2,\"name\":\"Marketing\"}]},{\"@type\":\"WebSite\",\"@id\":\"https:\/\/emodou.be\/fr\/#website\",\"url\":\"https:\/\/emodou.be\/fr\/\",\"name\":\"Emodou\",\"description\":\"Livres &amp; Doudous p\u00e9dagogiques\",\"publisher\":{\"@id\":\"https:\/\/emodou.be\/fr\/#organization\"},\"potentialAction\":[{\"@type\":\"SearchAction\",\"target\":{\"@type\":\"EntryPoint\",\"urlTemplate\":\"https:\/\/emodou.be\/fr\/?s={search_term_string}\"},\"query-input\":\"required name=search_term_string\"}],\"inLanguage\":\"fr-BE\"},{\"@type\":\"Organization\",\"@id\":\"https:\/\/emodou.be\/fr\/#organization\",\"name\":\"Emodou\",\"url\":\"https:\/\/emodou.be\/fr\/\",\"logo\":{\"@type\":\"ImageObject\",\"inLanguage\":\"fr-BE\",\"@id\":\"https:\/\/emodou.be\/fr\/#\/schema\/logo\/image\/\",\"url\":\"https:\/\/emodou.be\/wp-content\/uploads\/2022\/12\/Emodou-livres-doudous.svg\",\"contentUrl\":\"https:\/\/emodou.be\/wp-content\/uploads\/2022\/12\/Emodou-livres-doudous.svg\",\"width\":700,\"height\":276,\"caption\":\"Emodou\"},\"image\":{\"@id\":\"https:\/\/emodou.be\/fr\/#\/schema\/logo\/image\/\"}}]}<\/script>\n<!-- \/ Yoast SEO plugin. -->","yoast_head_json":{"title":"Marketing - Emodou","robots":{"index":"index","follow":"follow","max-snippet":"max-snippet:-1","max-image-preview":"max-image-preview:large","max-video-preview":"max-video-preview:-1"},"canonical":"https:\/\/emodou.be\/fr\/marketing\/","og_locale":"fr_FR","og_type":"article","og_title":"Marketing - Emodou","og_description":"Trouver Emodou et ses produits en magasin Vous souhaitez acheter nos doudous Milo ou un de nos produits en magasin ? Mais o\u00f9 trouver Emodou ? Gr\u00e2ce \u00e0 la carte ci-dessous, vous pouvez facilement trouver un des points de vente de nos partenaires proche de chez vous. La liste de nos partenaires Envie de commencer [&hellip;]","og_url":"https:\/\/emodou.be\/fr\/marketing\/","og_site_name":"Emodou","article_modified_time":"2023-11-30T19:05:44+00:00","twitter_card":"summary_large_image","twitter_misc":{"Dur\u00e9e de lecture est.":"1 minute"},"schema":{"@context":"https:\/\/schema.org","@graph":[{"@type":"WebPage","@id":"https:\/\/emodou.be\/fr\/marketing\/","url":"https:\/\/emodou.be\/fr\/marketing\/","name":"Marketing - Emodou","isPartOf":{"@id":"https:\/\/emodou.be\/fr\/#website"},"datePublished":"2023-11-30T18:38:11+00:00","dateModified":"2023-11-30T19:05:44+00:00","breadcrumb":{"@id":"https:\/\/emodou.be\/fr\/marketing\/#breadcrumb"},"inLanguage":"fr-BE","potentialAction":[{"@type":"ReadAction","target":["https:\/\/emodou.be\/fr\/marketing\/"]}]},{"@type":"BreadcrumbList","@id":"https:\/\/emodou.be\/fr\/marketing\/#breadcrumb","itemListElement":[{"@type":"ListItem","position":1,"name":"Accueil","item":"https:\/\/emodou.be\/fr\/"},{"@type":"ListItem","position":2,"name":"Marketing"}]},{"@type":"WebSite","@id":"https:\/\/emodou.be\/fr\/#website","url":"https:\/\/emodou.be\/fr\/","name":"Emodou","description":"Livres &amp; Doudous p\u00e9dagogiques","publisher":{"@id":"https:\/\/emodou.be\/fr\/#organization"},"potentialAction":[{"@type":"SearchAction","target":{"@type":"EntryPoint","urlTemplate":"https:\/\/emodou.be\/fr\/?s={search_term_string}"},"query-input":"required name=search_term_string"}],"inLanguage":"fr-BE"},{"@type":"Organization","@id":"https:\/\/emodou.be\/fr\/#organization","name":"Emodou","url":"https:\/\/emodou.be\/fr\/","logo":{"@type":"ImageObject","inLanguage":"fr-BE","@id":"https:\/\/emodou.be\/fr\/#\/schema\/logo\/image\/","url":"https:\/\/emodou.be\/wp-content\/uploads\/2022\/12\/Emodou-livres-doudous.svg","contentUrl":"https:\/\/emodou.be\/wp-content\/uploads\/2022\/12\/Emodou-livres-doudous.svg","width":700,"height":276,"caption":"Emodou"},"image":{"@id":"https:\/\/emodou.be\/fr\/#\/schema\/logo\/image\/"}}]}},"_links":{"self":[{"href":"https:\/\/emodou.be\/fr\/wp-json\/wp\/v2\/pages\/3244","targetHints":{"allow":["GET"]}}],"collection":[{"href":"https:\/\/emodou.be\/fr\/wp-json\/wp\/v2\/pages"}],"about":[{"href":"https:\/\/emodou.be\/fr\/wp-json\/wp\/v2\/types\/page"}],"author":[{"embeddable":true,"href":"https:\/\/emodou.be\/fr\/wp-json\/wp\/v2\/users\/14"}],"replies":[{"embeddable":true,"href":"https:\/\/emodou.be\/fr\/wp-json\/wp\/v2\/comments?post=3244"}],"version-history":[{"count":19,"href":"https:\/\/emodou.be\/fr\/wp-json\/wp\/v2\/pages\/3244\/revisions"}],"predecessor-version":[{"id":3267,"href":"https:\/\/emodou.be\/fr\/wp-json\/wp\/v2\/pages\/3244\/revisions\/3267"}],"wp:attachment":[{"href":"https:\/\/emodou.be\/fr\/wp-json\/wp\/v2\/media?parent=3244"}],"curies":[{"name":"wp","href":"https:\/\/api.w.org\/{rel}","templated":true}]}}