{"id":255,"date":"2022-12-19T14:35:12","date_gmt":"2022-12-19T13:35:12","guid":{"rendered":"http:\/\/emodou.be\/?page_id=255"},"modified":"2024-01-25T13:15:26","modified_gmt":"2024-01-25T12:15:26","slug":"mentions-legales","status":"publish","type":"page","link":"https:\/\/emodou.be\/fr\/mentions-legales\/","title":{"rendered":"Mentions L\u00e9gales"},"content":{"rendered":"\t\t<div data-elementor-type=\"wp-page\" data-elementor-id=\"255\" class=\"elementor elementor-255\" data-elementor-post-type=\"page\">\n\t\t\t\t\t\t<section data-particle_enable=\"false\" data-particle-mobile-disabled=\"false\" class=\"elementor-section elementor-top-section elementor-element elementor-element-fd9b3b8 elementor-section-boxed elementor-section-height-default elementor-section-height-default\" data-id=\"fd9b3b8\" data-element_type=\"section\">\n\t\t\t\t\t\t<div class=\"elementor-container elementor-column-gap-default\">\n\t\t\t\t\t<div class=\"elementor-column elementor-col-100 elementor-top-column elementor-element elementor-element-3bde8ae\" data-id=\"3bde8ae\" data-element_type=\"column\">\n\t\t\t<div class=\"elementor-widget-wrap elementor-element-populated\">\n\t\t\t\t\t\t<div class=\"elementor-element elementor-element-af5cbcf elementor-widget elementor-widget-heading\" data-id=\"af5cbcf\" data-element_type=\"widget\" data-widget_type=\"heading.default\">\n\t\t\t\t<div class=\"elementor-widget-container\">\n\t\t\t<style>\/*! elementor - v3.20.0 - 19-02-2024 *\/\n.elementor-heading-title{padding:0;margin:0;line-height:1}.elementor-widget-heading .elementor-heading-title[class*=elementor-size-]>a{color:inherit;font-size:inherit;line-height:inherit}.elementor-widget-heading .elementor-heading-title.elementor-size-small{font-size:15px}.elementor-widget-heading .elementor-heading-title.elementor-size-medium{font-size:19px}.elementor-widget-heading .elementor-heading-title.elementor-size-large{font-size:29px}.elementor-widget-heading .elementor-heading-title.elementor-size-xl{font-size:39px}.elementor-widget-heading .elementor-heading-title.elementor-size-xxl{font-size:59px}<\/style><h1 class=\"elementor-heading-title elementor-size-default\">Mentions L\u00e9gales<\/h1>\t\t<\/div>\n\t\t\t\t<\/div>\n\t\t\t\t<div class=\"elementor-element elementor-element-1bbb43d elementor-widget elementor-widget-heading\" data-id=\"1bbb43d\" data-element_type=\"widget\" data-widget_type=\"heading.default\">\n\t\t\t\t<div class=\"elementor-widget-container\">\n\t\t\t<h2 class=\"elementor-heading-title elementor-size-default\">1 \u2013 Emodou SRL<\/h2>\t\t<\/div>\n\t\t\t\t<\/div>\n\t\t\t\t<div class=\"elementor-element elementor-element-b9bbde4 elementor-widget elementor-widget-text-editor\" data-id=\"b9bbde4\" data-element_type=\"widget\" data-widget_type=\"text-editor.default\">\n\t\t\t\t<div class=\"elementor-widget-container\">\n\t\t\t<style>\/*! elementor - v3.20.0 - 19-02-2024 *\/\n.elementor-widget-text-editor.elementor-drop-cap-view-stacked .elementor-drop-cap{background-color:#69727d;color:#fff}.elementor-widget-text-editor.elementor-drop-cap-view-framed .elementor-drop-cap{color:#69727d;border:3px solid;background-color:transparent}.elementor-widget-text-editor:not(.elementor-drop-cap-view-default) .elementor-drop-cap{margin-top:8px}.elementor-widget-text-editor:not(.elementor-drop-cap-view-default) .elementor-drop-cap-letter{width:1em;height:1em}.elementor-widget-text-editor .elementor-drop-cap{float:left;text-align:center;line-height:1;font-size:50px}.elementor-widget-text-editor .elementor-drop-cap-letter{display:inline-block}<\/style>\t\t\t\t<p>Le site www.emodou.be est exploit\u00e9 par la soci\u00e9t\u00e9 Emodou SRL, dont le si\u00e8ge social est \u00e9tabli \u00e0 l\u2019adresse suivante :<\/p><p>Route de Hockai 32<br \/>4845 Jalhay (Belgique)<br \/>N\u00b0 de TVA : BE0772.740.008<\/p><p>Si vous souhaitez prendre contact avec Emodou SRL, l\u2019e-mail de contact est le suivant : info@emodou.be. Le support technique est \u00e9galement en mesure de vous r\u00e9pondre au num\u00e9ro suivant +32 (0) 4 283 30 22 du lundi au vendredi de 9h00 \u00e0 17h00.<\/p>\t\t\t\t\t\t<\/div>\n\t\t\t\t<\/div>\n\t\t\t\t<div class=\"elementor-element elementor-element-245d808 elementor-widget elementor-widget-heading\" data-id=\"245d808\" data-element_type=\"widget\" data-widget_type=\"heading.default\">\n\t\t\t\t<div class=\"elementor-widget-container\">\n\t\t\t<h3 class=\"elementor-heading-title elementor-size-default\">2 \u2013 Protection de la vie priv\u00e9e<\/h3>\t\t<\/div>\n\t\t\t\t<\/div>\n\t\t\t\t<div class=\"elementor-element elementor-element-3e00ed0 elementor-widget elementor-widget-text-editor\" data-id=\"3e00ed0\" data-element_type=\"widget\" data-widget_type=\"text-editor.default\">\n\t\t\t\t<div class=\"elementor-widget-container\">\n\t\t\t\t\t\t\t<p>Les donn\u00e9es \u00e0 caract\u00e8re personnel des utilisateurs du site sont recueillies et stock\u00e9es \u00e0 des fins d\u2019ex\u00e9cution du contrat et de gestion des commandes. Tout utilisateur \u00e0 le droit de s\u2019opposer, sur demande et gratuitement, au traitement de ses donn\u00e9es \u00e0 caract\u00e8re personnel \u00e0 des fins de marketing direct. Il a \u00e9galement le droit de rectification et de suppression de ses donn\u00e9es \u00e0 tout moment et sans frais.<\/p><p>Les donn\u00e9es \u00e0 caract\u00e8re personnel sont trait\u00e9es conform\u00e9ment aux dispositions l\u00e9gales en vigueur.<\/p>\t\t\t\t\t\t<\/div>\n\t\t\t\t<\/div>\n\t\t\t\t<div class=\"elementor-element elementor-element-65b93a9 elementor-widget elementor-widget-heading\" data-id=\"65b93a9\" data-element_type=\"widget\" data-widget_type=\"heading.default\">\n\t\t\t\t<div class=\"elementor-widget-container\">\n\t\t\t<h3 class=\"elementor-heading-title elementor-size-default\">3 \u2013 Utilisation de cookies<\/h3>\t\t<\/div>\n\t\t\t\t<\/div>\n\t\t\t\t<div class=\"elementor-element elementor-element-1fab465 elementor-widget elementor-widget-text-editor\" data-id=\"1fab465\" data-element_type=\"widget\" data-widget_type=\"text-editor.default\">\n\t\t\t\t<div class=\"elementor-widget-container\">\n\t\t\t\t\t\t\t<p>Dans le but d\u2019am\u00e9liorer la navigation et de personnaliser les services propos\u00e9s \u00e0 l\u2019utilisateur, le site www.emodou.be recourt \u00e0 l\u2019usage de cookies. Les cookies sont des fichiers stock\u00e9s sur l\u2019ordinateur de l\u2019utilisateur permettant de faire le lien avec une pr\u00e9c\u00e9dente visite sur le site, ce qui permet de faciliter la navigation et l\u2019acc\u00e8s aux informations pr\u00e9c\u00e9demment laiss\u00e9es sur le site. L\u2019utilisateur est inform\u00e9 de l\u2019utilisation des cookies sur www.emodou.be d\u00e8s son arriv\u00e9e sur le site et peut d\u00e9cider de ne pas continuer la navigation. Cependant, en continuant la navigation sur le site, il marque son accord sur l\u2019utilisation des dits cookies.<\/p>\t\t\t\t\t\t<\/div>\n\t\t\t\t<\/div>\n\t\t\t\t\t<\/div>\n\t\t<\/div>\n\t\t\t\t\t<\/div>\n\t\t<\/section>\n\t\t\t\t<\/div>\n\t\t","protected":false},"excerpt":{"rendered":"<p>Mentions L\u00e9gales 1 \u2013 Emodou SRL Le site www.emodou.be est exploit\u00e9 par la soci\u00e9t\u00e9 Emodou SRL, dont le si\u00e8ge social est \u00e9tabli \u00e0 l\u2019adresse suivante : Route de Hockai 324845 Jalhay (Belgique)N\u00b0 de TVA : BE0772.740.008 Si vous souhaitez prendre contact avec Emodou SRL, l\u2019e-mail de contact est le suivant : info@emodou.be. Le support technique [&hellip;]<\/p>\n","protected":false},"author":1,"featured_media":0,"parent":0,"menu_order":0,"comment_status":"closed","ping_status":"closed","template":"elementor_header_footer","meta":{"footnotes":""},"class_list":["post-255","page","type-page","status-publish","hentry"],"yoast_head":"<!-- This site is optimized with the Yoast SEO plugin v22.6 - https:\/\/yoast.com\/wordpress\/plugins\/seo\/ -->\n<title>Mentions L\u00e9gales Emodou | Doudous p\u00e9dagogiques - Li\u00e8ge<\/title>\n<meta name=\"description\" content=\"D\u00e9couvrez les Mentions L\u00e9gales de la marque Emodou, entreprise belge, cr\u00e9ation de doudous p\u00e9dagogiques pour enfants.\" \/>\n<meta name=\"robots\" content=\"index, follow, max-snippet:-1, max-image-preview:large, max-video-preview:-1\" \/>\n<link rel=\"canonical\" href=\"https:\/\/emodou.be\/fr\/mentions-legales\/\" \/>\n<meta property=\"og:locale\" content=\"fr_FR\" \/>\n<meta property=\"og:type\" content=\"article\" \/>\n<meta property=\"og:title\" content=\"Mentions L\u00e9gales Emodou | Doudous p\u00e9dagogiques - Li\u00e8ge\" \/>\n<meta property=\"og:description\" content=\"D\u00e9couvrez les Mentions L\u00e9gales de la marque Emodou, entreprise belge, cr\u00e9ation de doudous p\u00e9dagogiques pour enfants.\" \/>\n<meta property=\"og:url\" content=\"https:\/\/emodou.be\/fr\/mentions-legales\/\" \/>\n<meta property=\"og:site_name\" content=\"Emodou\" \/>\n<meta property=\"article:modified_time\" content=\"2024-01-25T12:15:26+00:00\" \/>\n<meta name=\"twitter:card\" content=\"summary_large_image\" \/>\n<meta name=\"twitter:label1\" content=\"Dur\u00e9e de lecture est.\" \/>\n\t<meta name=\"twitter:data1\" content=\"2 minutes\" \/>\n<script type=\"application\/ld+json\" class=\"yoast-schema-graph\">{\"@context\":\"https:\/\/schema.org\",\"@graph\":[{\"@type\":\"WebPage\",\"@id\":\"https:\/\/emodou.be\/fr\/mentions-legales\/\",\"url\":\"https:\/\/emodou.be\/fr\/mentions-legales\/\",\"name\":\"Mentions L\u00e9gales Emodou | Doudous p\u00e9dagogiques - Li\u00e8ge\",\"isPartOf\":{\"@id\":\"https:\/\/emodou.be\/fr\/#website\"},\"datePublished\":\"2022-12-19T13:35:12+00:00\",\"dateModified\":\"2024-01-25T12:15:26+00:00\",\"description\":\"D\u00e9couvrez les Mentions L\u00e9gales de la marque Emodou, entreprise belge, cr\u00e9ation de doudous p\u00e9dagogiques pour enfants.\",\"breadcrumb\":{\"@id\":\"https:\/\/emodou.be\/fr\/mentions-legales\/#breadcrumb\"},\"inLanguage\":\"fr-BE\",\"potentialAction\":[{\"@type\":\"ReadAction\",\"target\":[\"https:\/\/emodou.be\/fr\/mentions-legales\/\"]}]},{\"@type\":\"BreadcrumbList\",\"@id\":\"https:\/\/emodou.be\/fr\/mentions-legales\/#breadcrumb\",\"itemListElement\":[{\"@type\":\"ListItem\",\"position\":1,\"name\":\"Accueil\",\"item\":\"https:\/\/emodou.be\/fr\/\"},{\"@type\":\"ListItem\",\"position\":2,\"name\":\"Mentions L\u00e9gales\"}]},{\"@type\":\"WebSite\",\"@id\":\"https:\/\/emodou.be\/fr\/#website\",\"url\":\"https:\/\/emodou.be\/fr\/\",\"name\":\"Emodou\",\"description\":\"Livres &amp; Doudous p\u00e9dagogiques\",\"publisher\":{\"@id\":\"https:\/\/emodou.be\/fr\/#organization\"},\"potentialAction\":[{\"@type\":\"SearchAction\",\"target\":{\"@type\":\"EntryPoint\",\"urlTemplate\":\"https:\/\/emodou.be\/fr\/?s={search_term_string}\"},\"query-input\":\"required name=search_term_string\"}],\"inLanguage\":\"fr-BE\"},{\"@type\":\"Organization\",\"@id\":\"https:\/\/emodou.be\/fr\/#organization\",\"name\":\"Emodou\",\"url\":\"https:\/\/emodou.be\/fr\/\",\"logo\":{\"@type\":\"ImageObject\",\"inLanguage\":\"fr-BE\",\"@id\":\"https:\/\/emodou.be\/fr\/#\/schema\/logo\/image\/\",\"url\":\"https:\/\/emodou.be\/wp-content\/uploads\/2022\/12\/Emodou-livres-doudous.svg\",\"contentUrl\":\"https:\/\/emodou.be\/wp-content\/uploads\/2022\/12\/Emodou-livres-doudous.svg\",\"width\":700,\"height\":276,\"caption\":\"Emodou\"},\"image\":{\"@id\":\"https:\/\/emodou.be\/fr\/#\/schema\/logo\/image\/\"}}]}<\/script>\n<!-- \/ Yoast SEO plugin. -->","yoast_head_json":{"title":"Mentions L\u00e9gales Emodou | Doudous p\u00e9dagogiques - Li\u00e8ge","description":"D\u00e9couvrez les Mentions L\u00e9gales de la marque Emodou, entreprise belge, cr\u00e9ation de doudous p\u00e9dagogiques pour enfants.","robots":{"index":"index","follow":"follow","max-snippet":"max-snippet:-1","max-image-preview":"max-image-preview:large","max-video-preview":"max-video-preview:-1"},"canonical":"https:\/\/emodou.be\/fr\/mentions-legales\/","og_locale":"fr_FR","og_type":"article","og_title":"Mentions L\u00e9gales Emodou | Doudous p\u00e9dagogiques - Li\u00e8ge","og_description":"D\u00e9couvrez les Mentions L\u00e9gales de la marque Emodou, entreprise belge, cr\u00e9ation de doudous p\u00e9dagogiques pour enfants.","og_url":"https:\/\/emodou.be\/fr\/mentions-legales\/","og_site_name":"Emodou","article_modified_time":"2024-01-25T12:15:26+00:00","twitter_card":"summary_large_image","twitter_misc":{"Dur\u00e9e de lecture est.":"2 minutes"},"schema":{"@context":"https:\/\/schema.org","@graph":[{"@type":"WebPage","@id":"https:\/\/emodou.be\/fr\/mentions-legales\/","url":"https:\/\/emodou.be\/fr\/mentions-legales\/","name":"Mentions L\u00e9gales Emodou | Doudous p\u00e9dagogiques - Li\u00e8ge","isPartOf":{"@id":"https:\/\/emodou.be\/fr\/#website"},"datePublished":"2022-12-19T13:35:12+00:00","dateModified":"2024-01-25T12:15:26+00:00","description":"D\u00e9couvrez les Mentions L\u00e9gales de la marque Emodou, entreprise belge, cr\u00e9ation de doudous p\u00e9dagogiques pour enfants.","breadcrumb":{"@id":"https:\/\/emodou.be\/fr\/mentions-legales\/#breadcrumb"},"inLanguage":"fr-BE","potentialAction":[{"@type":"ReadAction","target":["https:\/\/emodou.be\/fr\/mentions-legales\/"]}]},{"@type":"BreadcrumbList","@id":"https:\/\/emodou.be\/fr\/mentions-legales\/#breadcrumb","itemListElement":[{"@type":"ListItem","position":1,"name":"Accueil","item":"https:\/\/emodou.be\/fr\/"},{"@type":"ListItem","position":2,"name":"Mentions L\u00e9gales"}]},{"@type":"WebSite","@id":"https:\/\/emodou.be\/fr\/#website","url":"https:\/\/emodou.be\/fr\/","name":"Emodou","description":"Livres &amp; Doudous p\u00e9dagogiques","publisher":{"@id":"https:\/\/emodou.be\/fr\/#organization"},"potentialAction":[{"@type":"SearchAction","target":{"@type":"EntryPoint","urlTemplate":"https:\/\/emodou.be\/fr\/?s={search_term_string}"},"query-input":"required name=search_term_string"}],"inLanguage":"fr-BE"},{"@type":"Organization","@id":"https:\/\/emodou.be\/fr\/#organization","name":"Emodou","url":"https:\/\/emodou.be\/fr\/","logo":{"@type":"ImageObject","inLanguage":"fr-BE","@id":"https:\/\/emodou.be\/fr\/#\/schema\/logo\/image\/","url":"https:\/\/emodou.be\/wp-content\/uploads\/2022\/12\/Emodou-livres-doudous.svg","contentUrl":"https:\/\/emodou.be\/wp-content\/uploads\/2022\/12\/Emodou-livres-doudous.svg","width":700,"height":276,"caption":"Emodou"},"image":{"@id":"https:\/\/emodou.be\/fr\/#\/schema\/logo\/image\/"}}]}},"_links":{"self":[{"href":"https:\/\/emodou.be\/fr\/wp-json\/wp\/v2\/pages\/255","targetHints":{"allow":["GET"]}}],"collection":[{"href":"https:\/\/emodou.be\/fr\/wp-json\/wp\/v2\/pages"}],"about":[{"href":"https:\/\/emodou.be\/fr\/wp-json\/wp\/v2\/types\/page"}],"author":[{"embeddable":true,"href":"https:\/\/emodou.be\/fr\/wp-json\/wp\/v2\/users\/1"}],"replies":[{"embeddable":true,"href":"https:\/\/emodou.be\/fr\/wp-json\/wp\/v2\/comments?post=255"}],"version-history":[{"count":22,"href":"https:\/\/emodou.be\/fr\/wp-json\/wp\/v2\/pages\/255\/revisions"}],"predecessor-version":[{"id":3704,"href":"https:\/\/emodou.be\/fr\/wp-json\/wp\/v2\/pages\/255\/revisions\/3704"}],"wp:attachment":[{"href":"https:\/\/emodou.be\/fr\/wp-json\/wp\/v2\/media?parent=255"}],"curies":[{"name":"wp","href":"https:\/\/api.w.org\/{rel}","templated":true}]}}