{"id":1028,"date":"2023-01-05T16:28:29","date_gmt":"2023-01-05T15:28:29","guid":{"rendered":"https:\/\/emodou.be\/?page_id=1028"},"modified":"2023-05-08T11:00:47","modified_gmt":"2023-05-08T09:00:47","slug":"notre-concept","status":"publish","type":"page","link":"https:\/\/emodou.be\/fr\/notre-concept\/","title":{"rendered":"Notre concept"},"content":{"rendered":"\t\t<div data-elementor-type=\"wp-page\" data-elementor-id=\"1028\" class=\"elementor elementor-1028\" data-elementor-post-type=\"page\">\n\t\t\t\t\t\t<section data-particle_enable=\"false\" data-particle-mobile-disabled=\"false\" class=\"elementor-section elementor-top-section elementor-element elementor-element-6daefc98 elementor-section-boxed elementor-section-height-default elementor-section-height-default\" data-id=\"6daefc98\" data-element_type=\"section\">\n\t\t\t\t\t\t<div class=\"elementor-container elementor-column-gap-default\">\n\t\t\t\t\t<div class=\"elementor-column elementor-col-100 elementor-top-column elementor-element elementor-element-67beb65a\" data-id=\"67beb65a\" data-element_type=\"column\">\n\t\t\t<div class=\"elementor-widget-wrap elementor-element-populated\">\n\t\t\t\t\t\t<div class=\"elementor-element elementor-element-7ff90d35 elementor-widget elementor-widget-heading\" data-id=\"7ff90d35\" data-element_type=\"widget\" data-widget_type=\"heading.default\">\n\t\t\t\t<div class=\"elementor-widget-container\">\n\t\t\t<style>\/*! elementor - v3.20.0 - 19-02-2024 *\/\n.elementor-heading-title{padding:0;margin:0;line-height:1}.elementor-widget-heading .elementor-heading-title[class*=elementor-size-]>a{color:inherit;font-size:inherit;line-height:inherit}.elementor-widget-heading .elementor-heading-title.elementor-size-small{font-size:15px}.elementor-widget-heading .elementor-heading-title.elementor-size-medium{font-size:19px}.elementor-widget-heading .elementor-heading-title.elementor-size-large{font-size:29px}.elementor-widget-heading .elementor-heading-title.elementor-size-xl{font-size:39px}.elementor-widget-heading .elementor-heading-title.elementor-size-xxl{font-size:59px}<\/style><h1 class=\"elementor-heading-title elementor-size-default\">Notre concept <\/h1>\t\t<\/div>\n\t\t\t\t<\/div>\n\t\t\t\t<div class=\"elementor-element elementor-element-6ce20360 elementor-widget elementor-widget-heading\" data-id=\"6ce20360\" data-element_type=\"widget\" data-widget_type=\"heading.default\">\n\t\t\t\t<div class=\"elementor-widget-container\">\n\t\t\t<h2 class=\"elementor-heading-title elementor-size-default\">Milo, le doudou miroir<\/h2>\t\t<\/div>\n\t\t\t\t<\/div>\n\t\t\t\t<div class=\"elementor-element elementor-element-5f758b2 elementor-widget elementor-widget-text-editor\" data-id=\"5f758b2\" data-element_type=\"widget\" data-widget_type=\"text-editor.default\">\n\t\t\t\t<div class=\"elementor-widget-container\">\n\t\t\t<style>\/*! elementor - v3.20.0 - 19-02-2024 *\/\n.elementor-widget-text-editor.elementor-drop-cap-view-stacked .elementor-drop-cap{background-color:#69727d;color:#fff}.elementor-widget-text-editor.elementor-drop-cap-view-framed .elementor-drop-cap{color:#69727d;border:3px solid;background-color:transparent}.elementor-widget-text-editor:not(.elementor-drop-cap-view-default) .elementor-drop-cap{margin-top:8px}.elementor-widget-text-editor:not(.elementor-drop-cap-view-default) .elementor-drop-cap-letter{width:1em;height:1em}.elementor-widget-text-editor .elementor-drop-cap{float:left;text-align:center;line-height:1;font-size:50px}.elementor-widget-text-editor .elementor-drop-cap-letter{display:inline-block}<\/style>\t\t\t\t<p>Emodou vous propose un concept innovant! Milo le doudou miroir, accompagne l\u2019enfant dans son d\u00e9veloppement identitaire et \u00e9motionnel.<\/p><p>Emodou consid\u00e8re le doudou comme un objet transitionnel. Dans les coffrets Naissance et S\u00e9paration, il y a trois doudous, deux grands, un petit. Le petit est le miroir de l\u2019enfant. Les deux grands, celui de ses parents. La famille de Milo, la famille de l\u2019enfant.<\/p><p>Milo et ses parents vivent les m\u00eames situations que l\u2019enfant et ses parents. Les m\u00eames \u00e9motions, aussi. L\u2019enfant s\u2019identifie rapidement \u00e0 Milo, et peut comparer ses parents \u00e0 ceux de Milo. Il appr\u00e9hende ainsi l\u2019univers familial et social, la cr\u00e8che et l\u2019\u00e9cole.<\/p><p>Les r\u00e9actions de Milo aident l\u2019enfant \u00e0 avancer lui-m\u00eame. Il apprend qu\u2019il est normal de quitter et de retrouver, de perdre et d\u2019\u00eatre triste. Qu\u2019on a le droit de se sentir triste, en col\u00e8re ou aux prises avec la peur. Mais qu\u2019on peut d\u00e9passer ces \u00e9motions n\u00e9gatives et repartir vers la joie.<\/p><p>Ainsi, petit \u00e0 petit, il construit positivement sa vie.<\/p>\t\t\t\t\t\t<\/div>\n\t\t\t\t<\/div>\n\t\t\t\t<div class=\"elementor-element elementor-element-6128702c elementor-widget elementor-widget-heading\" data-id=\"6128702c\" data-element_type=\"widget\" data-widget_type=\"heading.default\">\n\t\t\t\t<div class=\"elementor-widget-container\">\n\t\t\t<h2 class=\"elementor-heading-title elementor-size-default\">3 doudous, et des sourires !<\/h2>\t\t<\/div>\n\t\t\t\t<\/div>\n\t\t\t\t<section data-particle_enable=\"false\" data-particle-mobile-disabled=\"false\" class=\"elementor-section elementor-inner-section elementor-element elementor-element-5aa1425 elementor-section-boxed elementor-section-height-default elementor-section-height-default\" data-id=\"5aa1425\" data-element_type=\"section\">\n\t\t\t\t\t\t<div class=\"elementor-container elementor-column-gap-default\">\n\t\t\t\t\t<div class=\"elementor-column elementor-col-100 elementor-inner-column elementor-element elementor-element-a9e2bd2\" data-id=\"a9e2bd2\" data-element_type=\"column\">\n\t\t\t<div class=\"elementor-widget-wrap elementor-element-populated\">\n\t\t\t\t\t\t<div class=\"elementor-element elementor-element-a39068e elementor-widget elementor-widget-heading\" data-id=\"a39068e\" data-element_type=\"widget\" data-widget_type=\"heading.default\">\n\t\t\t\t<div class=\"elementor-widget-container\">\n\t\t\t<h3 class=\"elementor-heading-title elementor-size-default\">S\u2019identifier et combler le manque, pour plus de confiance et de s\u00e9r\u00e9nit\u00e9<\/h3>\t\t<\/div>\n\t\t\t\t<\/div>\n\t\t\t\t<div class=\"elementor-element elementor-element-39eda2dd elementor-widget elementor-widget-text-editor\" data-id=\"39eda2dd\" data-element_type=\"widget\" data-widget_type=\"text-editor.default\">\n\t\t\t\t<div class=\"elementor-widget-container\">\n\t\t\t\t\t\t\t<p>Comment r\u00e9agir en confiance face au manque, \u00e0 l\u2019absence d\u2019un parent, quand on est tout petit ou presque grand ? Emodou offre la pr\u00e9sence symbolique, presque r\u00e9elle, du parent manquant avec 3 doudous, et des sourires!<\/p><p>Gr\u00e2ce \u00e0 notre concept, l\u2019enfant ne se sent plus seul : il b\u00e9n\u00e9ficie de la pr\u00e9sence de l\u2019un ou de l\u2019autre, o\u00f9 qu\u2019il soit. Pour une petite ou une longue absence, il emporte le petit doudou partout, et retrouve les plus grands au moment du coucher. Accompagn\u00e9, l\u2019enfant est rassur\u00e9, apais\u00e9.<br \/><a href=\"https:\/\/emodou.be\/produit\/coffret-de-naissance-doudou\/\">Le coffret Naissance<\/a> fonctionne d\u00e8s le premier apr\u00e8s-midi test en cr\u00e8che ou la premi\u00e8re nuit chez les grands-parents.<\/p><p>Plus tard, l\u2019enfant pourra d\u00e9couvrir que Milo, lui aussi, vit des moments de s\u00e9paration plus intenses, irr\u00e9versibles, comme le divorce\u2026 Avec <a href=\"https:\/\/emodou.be\/produit\/coffret-separation-3-doudous-et-un-livre\/\">le coffret S\u00e9paration<\/a>, Emodou \u00e9dite un livre, \u00ab Milo chez papa et chez maman \u00bb, qui permet de traverser l\u2019\u00e9preuve de la s\u00e9paration, pas \u00e0 pas. Milo montre \u00e0 l\u2019enfant qu\u2019il n\u2019est pas seul, puisqu\u2019il est l\u00e0, avec lui. Et qu\u2019il vit un peu ce genre de situations aussi.<\/p><p>Utiliser Milo pour poser des questions est plus simple que de les poser soi-m\u00eame\u2026 L\u2019enfant en devient plus serein, retrouve le sourire, et le garde.<\/p>\t\t\t\t\t\t<\/div>\n\t\t\t\t<\/div>\n\t\t\t\t\t<\/div>\n\t\t<\/div>\n\t\t\t\t\t<\/div>\n\t\t<\/section>\n\t\t\t\t<section data-particle_enable=\"false\" data-particle-mobile-disabled=\"false\" class=\"elementor-section elementor-inner-section elementor-element elementor-element-76355d2 elementor-section-boxed elementor-section-height-default elementor-section-height-default\" data-id=\"76355d2\" data-element_type=\"section\">\n\t\t\t\t\t\t<div class=\"elementor-container elementor-column-gap-default\">\n\t\t\t\t\t<div class=\"elementor-column elementor-col-50 elementor-inner-column elementor-element elementor-element-bbab497\" data-id=\"bbab497\" data-element_type=\"column\">\n\t\t\t<div class=\"elementor-widget-wrap elementor-element-populated\">\n\t\t\t\t\t\t<div class=\"elementor-element elementor-element-6b423f5 elementor-widget elementor-widget-heading\" data-id=\"6b423f5\" data-element_type=\"widget\" data-widget_type=\"heading.default\">\n\t\t\t\t<div class=\"elementor-widget-container\">\n\t\t\t<h3 class=\"elementor-heading-title elementor-size-default\">Le principe<\/h3>\t\t<\/div>\n\t\t\t\t<\/div>\n\t\t\t\t<div class=\"elementor-element elementor-element-4cc807c elementor-widget elementor-widget-text-editor\" data-id=\"4cc807c\" data-element_type=\"widget\" data-widget_type=\"text-editor.default\">\n\t\t\t\t<div class=\"elementor-widget-container\">\n\t\t\t\t\t\t\t<p>Dans un coffret, trois doudous : le doudou miroir, et deux doudous adultes. En cas de s\u00e9paration, le doudou maman est d\u00e9pos\u00e9 chez le papa et le doudou papa, chez la maman.<\/p><p>L\u2019enfant a ainsi ses deux parents pr\u00e8s de lui. Le livre illustre un \u00e9change type pour que l\u2019histoire soit famili\u00e8re \u00e0 l\u2019enfant. Tous nos doudous sont con\u00e7us en Belgique avec des couturi\u00e8res locales.<\/p>\t\t\t\t\t\t<\/div>\n\t\t\t\t<\/div>\n\t\t\t\t\t<\/div>\n\t\t<\/div>\n\t\t\t\t<div class=\"elementor-column elementor-col-50 elementor-inner-column elementor-element elementor-element-f27a97d\" data-id=\"f27a97d\" data-element_type=\"column\">\n\t\t\t<div class=\"elementor-widget-wrap elementor-element-populated\">\n\t\t\t\t\t\t<div class=\"elementor-element elementor-element-ca60d9b elementor-widget elementor-widget-image\" data-id=\"ca60d9b\" data-element_type=\"widget\" data-widget_type=\"image.default\">\n\t\t\t\t<div class=\"elementor-widget-container\">\n\t\t\t<style>\/*! elementor - v3.20.0 - 19-02-2024 *\/\n.elementor-widget-image{text-align:center}.elementor-widget-image a{display:inline-block}.elementor-widget-image a img[src$=\".svg\"]{width:48px}.elementor-widget-image img{vertical-align:middle;display:inline-block}<\/style>\t\t\t\t\t\t\t\t\t\t<img fetchpriority=\"high\" decoding=\"async\" width=\"800\" height=\"420\" src=\"https:\/\/emodou.be\/wp-content\/uploads\/2023\/01\/Emodou-Livres-Doudous-OG-1024x538.webp\" class=\"attachment-large size-large wp-image-1160\" alt=\"Emodou Livres Doudous Educatifs\" srcset=\"https:\/\/emodou.be\/wp-content\/uploads\/2023\/01\/Emodou-Livres-Doudous-OG-1024x538.webp 1024w, https:\/\/emodou.be\/wp-content\/uploads\/2023\/01\/Emodou-Livres-Doudous-OG-600x315.webp 600w, https:\/\/emodou.be\/wp-content\/uploads\/2023\/01\/Emodou-Livres-Doudous-OG-300x158.webp 300w, https:\/\/emodou.be\/wp-content\/uploads\/2023\/01\/Emodou-Livres-Doudous-OG-768x403.webp 768w, https:\/\/emodou.be\/wp-content\/uploads\/2023\/01\/Emodou-Livres-Doudous-OG-18x9.webp 18w, https:\/\/emodou.be\/wp-content\/uploads\/2023\/01\/Emodou-Livres-Doudous-OG.webp 1200w\" sizes=\"(max-width: 800px) 100vw, 800px\" \/>\t\t\t\t\t\t\t\t\t\t\t\t\t<\/div>\n\t\t\t\t<\/div>\n\t\t\t\t\t<\/div>\n\t\t<\/div>\n\t\t\t\t\t<\/div>\n\t\t<\/section>\n\t\t\t\t<div class=\"elementor-element elementor-element-7e7bc1f4 elementor-widget elementor-widget-heading\" data-id=\"7e7bc1f4\" data-element_type=\"widget\" data-widget_type=\"heading.default\">\n\t\t\t\t<div class=\"elementor-widget-container\">\n\t\t\t<h4 class=\"elementor-heading-title elementor-size-default\">Les avantages<\/h4>\t\t<\/div>\n\t\t\t\t<\/div>\n\t\t\t\t<div class=\"elementor-element elementor-element-d2b0515 elementor-icon-list--layout-traditional elementor-list-item-link-full_width elementor-widget elementor-widget-icon-list\" data-id=\"d2b0515\" data-element_type=\"widget\" data-widget_type=\"icon-list.default\">\n\t\t\t\t<div class=\"elementor-widget-container\">\n\t\t\t<link rel=\"stylesheet\" href=\"https:\/\/emodou.be\/wp-content\/uploads\/elementor\/css\/custom-widget-icon-list.min.css?ver=1708357536\">\t\t<ul class=\"elementor-icon-list-items\">\n\t\t\t\t\t\t\t<li class=\"elementor-icon-list-item\">\n\t\t\t\t\t\t\t\t\t\t\t<span class=\"elementor-icon-list-icon\">\n\t\t\t\t\t\t\t<svg aria-hidden=\"true\" class=\"e-font-icon-svg e-fas-check\" viewBox=\"0 0 512 512\" xmlns=\"http:\/\/www.w3.org\/2000\/svg\"><path d=\"M173.898 439.404l-166.4-166.4c-9.997-9.997-9.997-26.206 0-36.204l36.203-36.204c9.997-9.998 26.207-9.998 36.204 0L192 312.69 432.095 72.596c9.997-9.997 26.207-9.997 36.204 0l36.203 36.204c9.997 9.997 9.997 26.206 0 36.204l-294.4 294.401c-9.998 9.997-26.207 9.997-36.204-.001z\"><\/path><\/svg>\t\t\t\t\t\t<\/span>\n\t\t\t\t\t\t\t\t\t\t<span class=\"elementor-icon-list-text\">Les grands doudous offrent des poches dans lesquelles glisser un foulard, un mouchoir au parfum de l\u2019adulte de r\u00e9f\u00e9rence, une photo, un petit mot doux\u2026<\/span>\n\t\t\t\t\t\t\t\t\t<\/li>\n\t\t\t\t\t\t\t\t<li class=\"elementor-icon-list-item\">\n\t\t\t\t\t\t\t\t\t\t\t<span class=\"elementor-icon-list-icon\">\n\t\t\t\t\t\t\t<svg aria-hidden=\"true\" class=\"e-font-icon-svg e-fas-check\" viewBox=\"0 0 512 512\" xmlns=\"http:\/\/www.w3.org\/2000\/svg\"><path d=\"M173.898 439.404l-166.4-166.4c-9.997-9.997-9.997-26.206 0-36.204l36.203-36.204c9.997-9.998 26.207-9.998 36.204 0L192 312.69 432.095 72.596c9.997-9.997 26.207-9.997 36.204 0l36.203 36.204c9.997 9.997 9.997 26.206 0 36.204l-294.4 294.401c-9.998 9.997-26.207 9.997-36.204-.001z\"><\/path><\/svg>\t\t\t\t\t\t<\/span>\n\t\t\t\t\t\t\t\t\t\t<span class=\"elementor-icon-list-text\">La famille de doudous est personnalisable ! D\u00e8s l\u2019arriv\u00e9e du b\u00e9b\u00e9, et selon les \u00e9volutions du cocon familial.<\/span>\n\t\t\t\t\t\t\t\t\t<\/li>\n\t\t\t\t\t\t<\/ul>\n\t\t\t\t<\/div>\n\t\t\t\t<\/div>\n\t\t\t\t\t<\/div>\n\t\t<\/div>\n\t\t\t\t\t<\/div>\n\t\t<\/section>\n\t\t\t\t<\/div>\n\t\t","protected":false},"excerpt":{"rendered":"<p>Notre concept Milo, le doudou miroir Emodou vous propose un concept innovant! Milo le doudou miroir, accompagne l\u2019enfant dans son d\u00e9veloppement identitaire et \u00e9motionnel. Emodou consid\u00e8re le doudou comme un objet transitionnel. Dans les coffrets Naissance et S\u00e9paration, il y a trois doudous, deux grands, un petit. Le petit est le miroir de l\u2019enfant. Les [&hellip;]<\/p>\n","protected":false},"author":11,"featured_media":0,"parent":0,"menu_order":0,"comment_status":"closed","ping_status":"closed","template":"elementor_header_footer","meta":{"footnotes":""},"class_list":["post-1028","page","type-page","status-publish","hentry"],"yoast_head":"<!-- This site is optimized with the Yoast SEO plugin v22.6 - https:\/\/yoast.com\/wordpress\/plugins\/seo\/ -->\n<title>Notre concept Emodou | Doudous p\u00e9dagogiques - Li\u00e8ge<\/title>\n<meta name=\"description\" content=\"Notre concept; Milo le doudou miroir, accompagne l\u2019enfant dans son d\u00e9veloppement identitaire et \u00e9motionnel.\" \/>\n<meta name=\"robots\" content=\"index, follow, max-snippet:-1, max-image-preview:large, max-video-preview:-1\" \/>\n<link rel=\"canonical\" href=\"https:\/\/emodou.be\/fr\/notre-concept\/\" \/>\n<meta property=\"og:locale\" content=\"fr_FR\" \/>\n<meta property=\"og:type\" content=\"article\" \/>\n<meta property=\"og:title\" content=\"Notre concept Emodou | Doudous p\u00e9dagogiques - Li\u00e8ge\" \/>\n<meta property=\"og:description\" content=\"Notre concept; Milo le doudou miroir, accompagne l\u2019enfant dans son d\u00e9veloppement identitaire et \u00e9motionnel.\" \/>\n<meta property=\"og:url\" content=\"https:\/\/emodou.be\/fr\/notre-concept\/\" \/>\n<meta property=\"og:site_name\" content=\"Emodou\" \/>\n<meta property=\"article:modified_time\" content=\"2023-05-08T09:00:47+00:00\" \/>\n<meta property=\"og:image\" content=\"https:\/\/emodou.be\/wp-content\/uploads\/2023\/01\/Emodou-Livres-Doudous-OG-1024x538.webp\" \/>\n<meta name=\"twitter:card\" content=\"summary_large_image\" \/>\n<meta name=\"twitter:label1\" content=\"Dur\u00e9e de lecture est.\" \/>\n\t<meta name=\"twitter:data1\" content=\"3 minutes\" \/>\n<script type=\"application\/ld+json\" class=\"yoast-schema-graph\">{\"@context\":\"https:\/\/schema.org\",\"@graph\":[{\"@type\":\"WebPage\",\"@id\":\"https:\/\/emodou.be\/fr\/notre-concept\/\",\"url\":\"https:\/\/emodou.be\/fr\/notre-concept\/\",\"name\":\"Notre concept Emodou | Doudous p\u00e9dagogiques - Li\u00e8ge\",\"isPartOf\":{\"@id\":\"https:\/\/emodou.be\/fr\/#website\"},\"primaryImageOfPage\":{\"@id\":\"https:\/\/emodou.be\/fr\/notre-concept\/#primaryimage\"},\"image\":{\"@id\":\"https:\/\/emodou.be\/fr\/notre-concept\/#primaryimage\"},\"thumbnailUrl\":\"https:\/\/emodou.be\/wp-content\/uploads\/2023\/01\/Emodou-Livres-Doudous-OG-1024x538.webp\",\"datePublished\":\"2023-01-05T15:28:29+00:00\",\"dateModified\":\"2023-05-08T09:00:47+00:00\",\"description\":\"Notre concept; Milo le doudou miroir, accompagne l\u2019enfant dans son d\u00e9veloppement identitaire et \u00e9motionnel.\",\"breadcrumb\":{\"@id\":\"https:\/\/emodou.be\/fr\/notre-concept\/#breadcrumb\"},\"inLanguage\":\"fr-BE\",\"potentialAction\":[{\"@type\":\"ReadAction\",\"target\":[\"https:\/\/emodou.be\/fr\/notre-concept\/\"]}]},{\"@type\":\"ImageObject\",\"inLanguage\":\"fr-BE\",\"@id\":\"https:\/\/emodou.be\/fr\/notre-concept\/#primaryimage\",\"url\":\"https:\/\/emodou.be\/wp-content\/uploads\/2023\/01\/Emodou-Livres-Doudous-OG-1024x538.webp\",\"contentUrl\":\"https:\/\/emodou.be\/wp-content\/uploads\/2023\/01\/Emodou-Livres-Doudous-OG-1024x538.webp\"},{\"@type\":\"BreadcrumbList\",\"@id\":\"https:\/\/emodou.be\/fr\/notre-concept\/#breadcrumb\",\"itemListElement\":[{\"@type\":\"ListItem\",\"position\":1,\"name\":\"Accueil\",\"item\":\"https:\/\/emodou.be\/fr\/\"},{\"@type\":\"ListItem\",\"position\":2,\"name\":\"Notre concept\"}]},{\"@type\":\"WebSite\",\"@id\":\"https:\/\/emodou.be\/fr\/#website\",\"url\":\"https:\/\/emodou.be\/fr\/\",\"name\":\"Emodou\",\"description\":\"Livres &amp; Doudous p\u00e9dagogiques\",\"publisher\":{\"@id\":\"https:\/\/emodou.be\/fr\/#organization\"},\"potentialAction\":[{\"@type\":\"SearchAction\",\"target\":{\"@type\":\"EntryPoint\",\"urlTemplate\":\"https:\/\/emodou.be\/fr\/?s={search_term_string}\"},\"query-input\":\"required name=search_term_string\"}],\"inLanguage\":\"fr-BE\"},{\"@type\":\"Organization\",\"@id\":\"https:\/\/emodou.be\/fr\/#organization\",\"name\":\"Emodou\",\"url\":\"https:\/\/emodou.be\/fr\/\",\"logo\":{\"@type\":\"ImageObject\",\"inLanguage\":\"fr-BE\",\"@id\":\"https:\/\/emodou.be\/fr\/#\/schema\/logo\/image\/\",\"url\":\"https:\/\/emodou.be\/wp-content\/uploads\/2022\/12\/Emodou-livres-doudous.svg\",\"contentUrl\":\"https:\/\/emodou.be\/wp-content\/uploads\/2022\/12\/Emodou-livres-doudous.svg\",\"width\":700,\"height\":276,\"caption\":\"Emodou\"},\"image\":{\"@id\":\"https:\/\/emodou.be\/fr\/#\/schema\/logo\/image\/\"}}]}<\/script>\n<!-- \/ Yoast SEO plugin. -->","yoast_head_json":{"title":"Notre concept Emodou | Doudous p\u00e9dagogiques - Li\u00e8ge","description":"Notre concept; Milo le doudou miroir, accompagne l\u2019enfant dans son d\u00e9veloppement identitaire et \u00e9motionnel.","robots":{"index":"index","follow":"follow","max-snippet":"max-snippet:-1","max-image-preview":"max-image-preview:large","max-video-preview":"max-video-preview:-1"},"canonical":"https:\/\/emodou.be\/fr\/notre-concept\/","og_locale":"fr_FR","og_type":"article","og_title":"Notre concept Emodou | Doudous p\u00e9dagogiques - Li\u00e8ge","og_description":"Notre concept; Milo le doudou miroir, accompagne l\u2019enfant dans son d\u00e9veloppement identitaire et \u00e9motionnel.","og_url":"https:\/\/emodou.be\/fr\/notre-concept\/","og_site_name":"Emodou","article_modified_time":"2023-05-08T09:00:47+00:00","og_image":[{"url":"https:\/\/emodou.be\/wp-content\/uploads\/2023\/01\/Emodou-Livres-Doudous-OG-1024x538.webp"}],"twitter_card":"summary_large_image","twitter_misc":{"Dur\u00e9e de lecture est.":"3 minutes"},"schema":{"@context":"https:\/\/schema.org","@graph":[{"@type":"WebPage","@id":"https:\/\/emodou.be\/fr\/notre-concept\/","url":"https:\/\/emodou.be\/fr\/notre-concept\/","name":"Notre concept Emodou | Doudous p\u00e9dagogiques - Li\u00e8ge","isPartOf":{"@id":"https:\/\/emodou.be\/fr\/#website"},"primaryImageOfPage":{"@id":"https:\/\/emodou.be\/fr\/notre-concept\/#primaryimage"},"image":{"@id":"https:\/\/emodou.be\/fr\/notre-concept\/#primaryimage"},"thumbnailUrl":"https:\/\/emodou.be\/wp-content\/uploads\/2023\/01\/Emodou-Livres-Doudous-OG-1024x538.webp","datePublished":"2023-01-05T15:28:29+00:00","dateModified":"2023-05-08T09:00:47+00:00","description":"Notre concept; Milo le doudou miroir, accompagne l\u2019enfant dans son d\u00e9veloppement identitaire et \u00e9motionnel.","breadcrumb":{"@id":"https:\/\/emodou.be\/fr\/notre-concept\/#breadcrumb"},"inLanguage":"fr-BE","potentialAction":[{"@type":"ReadAction","target":["https:\/\/emodou.be\/fr\/notre-concept\/"]}]},{"@type":"ImageObject","inLanguage":"fr-BE","@id":"https:\/\/emodou.be\/fr\/notre-concept\/#primaryimage","url":"https:\/\/emodou.be\/wp-content\/uploads\/2023\/01\/Emodou-Livres-Doudous-OG-1024x538.webp","contentUrl":"https:\/\/emodou.be\/wp-content\/uploads\/2023\/01\/Emodou-Livres-Doudous-OG-1024x538.webp"},{"@type":"BreadcrumbList","@id":"https:\/\/emodou.be\/fr\/notre-concept\/#breadcrumb","itemListElement":[{"@type":"ListItem","position":1,"name":"Accueil","item":"https:\/\/emodou.be\/fr\/"},{"@type":"ListItem","position":2,"name":"Notre concept"}]},{"@type":"WebSite","@id":"https:\/\/emodou.be\/fr\/#website","url":"https:\/\/emodou.be\/fr\/","name":"Emodou","description":"Livres &amp; Doudous p\u00e9dagogiques","publisher":{"@id":"https:\/\/emodou.be\/fr\/#organization"},"potentialAction":[{"@type":"SearchAction","target":{"@type":"EntryPoint","urlTemplate":"https:\/\/emodou.be\/fr\/?s={search_term_string}"},"query-input":"required name=search_term_string"}],"inLanguage":"fr-BE"},{"@type":"Organization","@id":"https:\/\/emodou.be\/fr\/#organization","name":"Emodou","url":"https:\/\/emodou.be\/fr\/","logo":{"@type":"ImageObject","inLanguage":"fr-BE","@id":"https:\/\/emodou.be\/fr\/#\/schema\/logo\/image\/","url":"https:\/\/emodou.be\/wp-content\/uploads\/2022\/12\/Emodou-livres-doudous.svg","contentUrl":"https:\/\/emodou.be\/wp-content\/uploads\/2022\/12\/Emodou-livres-doudous.svg","width":700,"height":276,"caption":"Emodou"},"image":{"@id":"https:\/\/emodou.be\/fr\/#\/schema\/logo\/image\/"}}]}},"_links":{"self":[{"href":"https:\/\/emodou.be\/fr\/wp-json\/wp\/v2\/pages\/1028","targetHints":{"allow":["GET"]}}],"collection":[{"href":"https:\/\/emodou.be\/fr\/wp-json\/wp\/v2\/pages"}],"about":[{"href":"https:\/\/emodou.be\/fr\/wp-json\/wp\/v2\/types\/page"}],"author":[{"embeddable":true,"href":"https:\/\/emodou.be\/fr\/wp-json\/wp\/v2\/users\/11"}],"replies":[{"embeddable":true,"href":"https:\/\/emodou.be\/fr\/wp-json\/wp\/v2\/comments?post=1028"}],"version-history":[{"count":34,"href":"https:\/\/emodou.be\/fr\/wp-json\/wp\/v2\/pages\/1028\/revisions"}],"predecessor-version":[{"id":2108,"href":"https:\/\/emodou.be\/fr\/wp-json\/wp\/v2\/pages\/1028\/revisions\/2108"}],"wp:attachment":[{"href":"https:\/\/emodou.be\/fr\/wp-json\/wp\/v2\/media?parent=1028"}],"curies":[{"name":"wp","href":"https:\/\/api.w.org\/{rel}","templated":true}]}}